{"id":57,"date":"2021-10-19T22:04:12","date_gmt":"2021-10-19T20:04:12","guid":{"rendered":"https:\/\/neu.mcd-tools.de\/?page_id=57"},"modified":"2026-01-19T10:25:47","modified_gmt":"2026-01-19T09:25:47","slug":"qualifications","status":"publish","type":"page","link":"https:\/\/www.dmctools.eu\/pl\/qualifications\/","title":{"rendered":"Kwalifikacje"},"content":{"rendered":"<div data-elementor-type=\"wp-page\" data-elementor-id=\"57\" class=\"elementor elementor-57\" data-elementor-post-type=\"page\">\n\t\t\t\t\t\t<section class=\"elementor-section elementor-top-section elementor-element elementor-element-a07297d elementor-reverse-mobile elementor-section-boxed elementor-section-height-default elementor-section-height-default\" data-id=\"a07297d\" data-element_type=\"section\" data-e-type=\"section\" data-settings=\"{&quot;background_background&quot;:&quot;classic&quot;}\">\n\t\t\t\t\t\t<div class=\"elementor-container elementor-column-gap-default\">\n\t\t\t\t\t<div class=\"elementor-column elementor-col-100 elementor-top-column elementor-element elementor-element-2d73a19\" data-id=\"2d73a19\" data-element_type=\"column\" data-e-type=\"column\">\n\t\t\t<div class=\"elementor-widget-wrap elementor-element-populated\">\n\t\t\t\t\t\t<div class=\"elementor-element elementor-element-e968c4c elementor-widget elementor-widget-heading\" data-id=\"e968c4c\" data-element_type=\"widget\" data-e-type=\"widget\" data-widget_type=\"heading.default\">\n\t\t\t\t<div class=\"elementor-widget-container\">\n\t\t\t\t\t<h2 class=\"elementor-heading-title elementor-size-default\">Kwalifikacje<\/h2>\t\t\t\t<\/div>\n\t\t\t\t<\/div>\n\t\t\t\t<div class=\"elementor-element elementor-element-0ed8919 elementor-widget-divider--view-line elementor-widget elementor-widget-divider\" data-id=\"0ed8919\" data-element_type=\"widget\" data-e-type=\"widget\" data-widget_type=\"divider.default\">\n\t\t\t\t<div class=\"elementor-widget-container\">\n\t\t\t\t\t\t\t<div class=\"elementor-divider\">\n\t\t\t<span class=\"elementor-divider-separator\">\n\t\t\t\t\t\t<\/span>\n\t\t<\/div>\n\t\t\t\t\t\t<\/div>\n\t\t\t\t<\/div>\n\t\t\t\t<div class=\"elementor-element elementor-element-07b35e0 elementor-widget elementor-widget-text-editor\" data-id=\"07b35e0\" data-element_type=\"widget\" data-e-type=\"widget\" data-widget_type=\"text-editor.default\">\n\t\t\t\t<div class=\"elementor-widget-container\">\n\t\t\t\t\t\t\t\t\t<p dir=\"ltr\" data-placeholder=\"Translation\" aria-label=\"Przet\u0142umaczony tekst\" data-ved=\"2ahUKEwjHssjr28mFAxWcr4QIHZtUDiIQ3ewLegQIBBAU\">DMC Europe spe\u0142nia krajowe i mi\u0119dzynarodowe standardy i wymagania bran\u017cowe. Nasze certyfikaty s\u0105 dowodem naszej niezachwianej obietnicy dostarczania tylko tego, co najlepsze.<\/p>\t\t\t\t\t\t\t\t<\/div>\n\t\t\t\t<\/div>\n\t\t\t\t<section class=\"elementor-section elementor-inner-section elementor-element elementor-element-61dfb25 elementor-section-boxed elementor-section-height-default elementor-section-height-default\" data-id=\"61dfb25\" data-element_type=\"section\" data-e-type=\"section\">\n\t\t\t\t\t\t<div class=\"elementor-container elementor-column-gap-default\">\n\t\t\t\t\t<div class=\"elementor-column elementor-col-50 elementor-inner-column elementor-element elementor-element-d000644\" data-id=\"d000644\" data-element_type=\"column\" data-e-type=\"column\">\n\t\t\t<div class=\"elementor-widget-wrap elementor-element-populated\">\n\t\t\t\t\t\t<div class=\"elementor-element elementor-element-bfe631c img-div elementor-widget elementor-widget-image\" data-id=\"bfe631c\" data-element_type=\"widget\" data-e-type=\"widget\" data-widget_type=\"image.default\">\n\t\t\t\t<div class=\"elementor-widget-container\">\n\t\t\t\t\t\t\t\t\t\t\t\t\t\t\t\t<a href=\"https:\/\/www.dmctools.eu\/wp-content\/uploads\/2025\/10\/Zertifikat-ISO-9001_2015-de.pdf\" target=\"_blank\">\n\t\t\t\t\t\t\t<img fetchpriority=\"high\" decoding=\"async\" width=\"212\" height=\"300\" src=\"https:\/\/www.dmctools.eu\/wp-content\/uploads\/2025\/10\/ISO90012015_ger-212x300.png\" class=\"attachment-medium size-medium wp-image-6422\" alt=\"\" srcset=\"https:\/\/www.dmctools.eu\/wp-content\/uploads\/2025\/10\/ISO90012015_ger-212x300.png 212w, https:\/\/www.dmctools.eu\/wp-content\/uploads\/2025\/10\/ISO90012015_ger-724x1024.png 724w, https:\/\/www.dmctools.eu\/wp-content\/uploads\/2025\/10\/ISO90012015_ger-768x1086.png 768w, https:\/\/www.dmctools.eu\/wp-content\/uploads\/2025\/10\/ISO90012015_ger-1086x1536.png 1086w, https:\/\/www.dmctools.eu\/wp-content\/uploads\/2025\/10\/ISO90012015_ger-8x12.png 8w, https:\/\/www.dmctools.eu\/wp-content\/uploads\/2025\/10\/ISO90012015_ger.png 1414w\" sizes=\"(max-width: 212px) 100vw, 212px\" \/>\t\t\t\t\t\t\t\t<\/a>\n\t\t\t\t\t\t\t\t\t\t\t\t\t\t\t<\/div>\n\t\t\t\t<\/div>\n\t\t\t\t<div class=\"elementor-element elementor-element-78d8db1 elementor-widget elementor-widget-heading\" data-id=\"78d8db1\" data-element_type=\"widget\" data-e-type=\"widget\" data-widget_type=\"heading.default\">\n\t\t\t\t<div class=\"elementor-widget-container\">\n\t\t\t\t\t<h5 class=\"elementor-heading-title elementor-size-default\">Zarz\u0105dzanie jako\u015bci\u0105 DEKRA DIN EN 9001:2015\n- NIEMIECKI<\/h5>\t\t\t\t<\/div>\n\t\t\t\t<\/div>\n\t\t\t\t<div class=\"elementor-element elementor-element-214b493 img-div elementor-widget elementor-widget-image\" data-id=\"214b493\" data-element_type=\"widget\" data-e-type=\"widget\" data-widget_type=\"image.default\">\n\t\t\t\t<div class=\"elementor-widget-container\">\n\t\t\t\t\t\t\t\t\t\t\t\t\t\t\t\t<a href=\"https:\/\/www.dmctools.eu\/wp-content\/uploads\/2025\/10\/Zertifikat-ISO-9001_2015-en.pdf\" target=\"_blank\">\n\t\t\t\t\t\t\t<img decoding=\"async\" width=\"212\" height=\"300\" src=\"https:\/\/www.dmctools.eu\/wp-content\/uploads\/2025\/10\/ISO90012015_ENG-212x300.png\" class=\"attachment-medium size-medium wp-image-6423\" alt=\"\" srcset=\"https:\/\/www.dmctools.eu\/wp-content\/uploads\/2025\/10\/ISO90012015_ENG-212x300.png 212w, https:\/\/www.dmctools.eu\/wp-content\/uploads\/2025\/10\/ISO90012015_ENG-724x1024.png 724w, https:\/\/www.dmctools.eu\/wp-content\/uploads\/2025\/10\/ISO90012015_ENG-768x1086.png 768w, https:\/\/www.dmctools.eu\/wp-content\/uploads\/2025\/10\/ISO90012015_ENG-1086x1536.png 1086w, https:\/\/www.dmctools.eu\/wp-content\/uploads\/2025\/10\/ISO90012015_ENG-8x12.png 8w, https:\/\/www.dmctools.eu\/wp-content\/uploads\/2025\/10\/ISO90012015_ENG.png 1414w\" sizes=\"(max-width: 212px) 100vw, 212px\" \/>\t\t\t\t\t\t\t\t<\/a>\n\t\t\t\t\t\t\t\t\t\t\t\t\t\t\t<\/div>\n\t\t\t\t<\/div>\n\t\t\t\t<div class=\"elementor-element elementor-element-2b4bd36 elementor-widget elementor-widget-heading\" data-id=\"2b4bd36\" data-element_type=\"widget\" data-e-type=\"widget\" data-widget_type=\"heading.default\">\n\t\t\t\t<div class=\"elementor-widget-container\">\n\t\t\t\t\t<h5 class=\"elementor-heading-title elementor-size-default\">Zarz\u0105dzanie jako\u015bci\u0105 DEKRA DIN EN 9001:2015\n- ENGLISH<\/h5>\t\t\t\t<\/div>\n\t\t\t\t<\/div>\n\t\t\t\t<div class=\"elementor-element elementor-element-d900bea img-div elementor-widget__width-initial elementor-widget elementor-widget-image\" data-id=\"d900bea\" data-element_type=\"widget\" data-e-type=\"widget\" data-widget_type=\"image.default\">\n\t\t\t\t<div class=\"elementor-widget-container\">\n\t\t\t\t\t\t\t\t\t\t\t\t\t\t\t\t<a href=\"https:\/\/www.dmctools.eu\/wp-content\/uploads\/2024\/06\/2024-MCD-Tools-Certificate-of-Master-distributor-status.pdf\" target=\"_blank\">\n\t\t\t\t\t\t\t<img decoding=\"async\" width=\"360\" height=\"270\" src=\"https:\/\/www.dmctools.eu\/wp-content\/uploads\/2024\/06\/2024-MCD-Tools-Certificate-of-Master-distributor-status.png\" class=\"attachment-large size-large wp-image-5165\" alt=\"\" srcset=\"https:\/\/www.dmctools.eu\/wp-content\/uploads\/2024\/06\/2024-MCD-Tools-Certificate-of-Master-distributor-status.png 360w, https:\/\/www.dmctools.eu\/wp-content\/uploads\/2024\/06\/2024-MCD-Tools-Certificate-of-Master-distributor-status-300x225.png 300w, https:\/\/www.dmctools.eu\/wp-content\/uploads\/2024\/06\/2024-MCD-Tools-Certificate-of-Master-distributor-status-16x12.png 16w\" sizes=\"(max-width: 360px) 100vw, 360px\" \/>\t\t\t\t\t\t\t\t<\/a>\n\t\t\t\t\t\t\t\t\t\t\t\t\t\t\t<\/div>\n\t\t\t\t<\/div>\n\t\t\t\t<div class=\"elementor-element elementor-element-feb6a7e elementor-widget elementor-widget-heading\" data-id=\"feb6a7e\" data-element_type=\"widget\" data-e-type=\"widget\" data-widget_type=\"heading.default\">\n\t\t\t\t<div class=\"elementor-widget-container\">\n\t\t\t\t\t<h5 class=\"elementor-heading-title elementor-size-default\">Certyfikat statusu g\u0142\u00f3wnego dystrybutora<\/h5>\t\t\t\t<\/div>\n\t\t\t\t<\/div>\n\t\t\t\t\t<\/div>\n\t\t<\/div>\n\t\t\t\t<div class=\"elementor-column elementor-col-50 elementor-inner-column elementor-element elementor-element-3276170\" data-id=\"3276170\" data-element_type=\"column\" data-e-type=\"column\">\n\t\t\t<div class=\"elementor-widget-wrap elementor-element-populated\">\n\t\t\t\t\t\t<div class=\"elementor-element elementor-element-eedb243 img-div elementor-widget elementor-widget-image\" data-id=\"eedb243\" data-element_type=\"widget\" data-e-type=\"widget\" data-widget_type=\"image.default\">\n\t\t\t\t<div class=\"elementor-widget-container\">\n\t\t\t\t\t\t\t\t\t\t\t\t\t\t\t\t<a href=\"https:\/\/www.dmctools.eu\/wp-content\/uploads\/2025\/10\/Zertifikat-EN-9120_2018-de.pdf\" target=\"_blank\">\n\t\t\t\t\t\t\t<img loading=\"lazy\" decoding=\"async\" width=\"212\" height=\"300\" src=\"https:\/\/www.dmctools.eu\/wp-content\/uploads\/2025\/10\/EN91202018_ger-212x300.png\" class=\"attachment-medium size-medium wp-image-6421\" alt=\"\" srcset=\"https:\/\/www.dmctools.eu\/wp-content\/uploads\/2025\/10\/EN91202018_ger-212x300.png 212w, https:\/\/www.dmctools.eu\/wp-content\/uploads\/2025\/10\/EN91202018_ger-724x1024.png 724w, https:\/\/www.dmctools.eu\/wp-content\/uploads\/2025\/10\/EN91202018_ger-768x1086.png 768w, https:\/\/www.dmctools.eu\/wp-content\/uploads\/2025\/10\/EN91202018_ger-1086x1536.png 1086w, https:\/\/www.dmctools.eu\/wp-content\/uploads\/2025\/10\/EN91202018_ger-8x12.png 8w, https:\/\/www.dmctools.eu\/wp-content\/uploads\/2025\/10\/EN91202018_ger.png 1414w\" sizes=\"(max-width: 212px) 100vw, 212px\" \/>\t\t\t\t\t\t\t\t<\/a>\n\t\t\t\t\t\t\t\t\t\t\t\t\t\t\t<\/div>\n\t\t\t\t<\/div>\n\t\t\t\t<div class=\"elementor-element elementor-element-60a196d elementor-widget elementor-widget-heading\" data-id=\"60a196d\" data-element_type=\"widget\" data-e-type=\"widget\" data-widget_type=\"heading.default\">\n\t\t\t\t<div class=\"elementor-widget-container\">\n\t\t\t\t\t<h5 class=\"elementor-heading-title elementor-size-default\">Zarz\u0105dzanie jako\u015bci\u0105 DEKRA EN 9120:2018 - NIEMIECKI<\/h5>\t\t\t\t<\/div>\n\t\t\t\t<\/div>\n\t\t\t\t<div class=\"elementor-element elementor-element-4903afa img-div elementor-widget elementor-widget-image\" data-id=\"4903afa\" data-element_type=\"widget\" data-e-type=\"widget\" data-widget_type=\"image.default\">\n\t\t\t\t<div class=\"elementor-widget-container\">\n\t\t\t\t\t\t\t\t\t\t\t\t\t\t\t\t<a href=\"https:\/\/www.dmctools.eu\/wp-content\/uploads\/2025\/10\/Zertifikat-EN-9120_2018-en.pdf\" target=\"_blank\">\n\t\t\t\t\t\t\t<img loading=\"lazy\" decoding=\"async\" width=\"212\" height=\"300\" src=\"https:\/\/www.dmctools.eu\/wp-content\/uploads\/2025\/10\/EN91202018_ENG-212x300.png\" class=\"attachment-medium size-medium wp-image-6420\" alt=\"\" srcset=\"https:\/\/www.dmctools.eu\/wp-content\/uploads\/2025\/10\/EN91202018_ENG-212x300.png 212w, https:\/\/www.dmctools.eu\/wp-content\/uploads\/2025\/10\/EN91202018_ENG-724x1024.png 724w, https:\/\/www.dmctools.eu\/wp-content\/uploads\/2025\/10\/EN91202018_ENG-768x1086.png 768w, https:\/\/www.dmctools.eu\/wp-content\/uploads\/2025\/10\/EN91202018_ENG-1086x1536.png 1086w, https:\/\/www.dmctools.eu\/wp-content\/uploads\/2025\/10\/EN91202018_ENG-8x12.png 8w, https:\/\/www.dmctools.eu\/wp-content\/uploads\/2025\/10\/EN91202018_ENG.png 1414w\" sizes=\"(max-width: 212px) 100vw, 212px\" \/>\t\t\t\t\t\t\t\t<\/a>\n\t\t\t\t\t\t\t\t\t\t\t\t\t\t\t<\/div>\n\t\t\t\t<\/div>\n\t\t\t\t<div class=\"elementor-element elementor-element-1e66a75 elementor-widget elementor-widget-heading\" data-id=\"1e66a75\" data-element_type=\"widget\" data-e-type=\"widget\" data-widget_type=\"heading.default\">\n\t\t\t\t<div class=\"elementor-widget-container\">\n\t\t\t\t\t<h5 class=\"elementor-heading-title elementor-size-default\">Zarz\u0105dzanie jako\u015bci\u0105 DEKRA EN 9120:2018<br>\n- ENGLISH<\/h5>\t\t\t\t<\/div>\n\t\t\t\t<\/div>\n\t\t\t\t\t<\/div>\n\t\t<\/div>\n\t\t\t\t\t<\/div>\n\t\t<\/section>\n\t\t\t\t<div class=\"elementor-element elementor-element-4b0e683 elementor-widget-divider--view-line elementor-widget elementor-widget-divider\" data-id=\"4b0e683\" data-element_type=\"widget\" data-e-type=\"widget\" data-widget_type=\"divider.default\">\n\t\t\t\t<div class=\"elementor-widget-container\">\n\t\t\t\t\t\t\t<div class=\"elementor-divider\">\n\t\t\t<span class=\"elementor-divider-separator\">\n\t\t\t\t\t\t<\/span>\n\t\t<\/div>\n\t\t\t\t\t\t<\/div>\n\t\t\t\t<\/div>\n\t\t\t\t<div class=\"elementor-element elementor-element-819e013 elementor-widget elementor-widget-heading\" data-id=\"819e013\" data-element_type=\"widget\" data-e-type=\"widget\" data-widget_type=\"heading.default\">\n\t\t\t\t<div class=\"elementor-widget-container\">\n\t\t\t\t\t<h2 class=\"elementor-heading-title elementor-size-default\">Deklaracje zgodno\u015bci REACH-RoHS<\/h2>\t\t\t\t<\/div>\n\t\t\t\t<\/div>\n\t\t\t\t<div class=\"elementor-element elementor-element-fd9cc03 elementor-widget-divider--view-line elementor-widget elementor-widget-divider\" data-id=\"fd9cc03\" data-element_type=\"widget\" data-e-type=\"widget\" data-widget_type=\"divider.default\">\n\t\t\t\t<div class=\"elementor-widget-container\">\n\t\t\t\t\t\t\t<div class=\"elementor-divider\">\n\t\t\t<span class=\"elementor-divider-separator\">\n\t\t\t\t\t\t<\/span>\n\t\t<\/div>\n\t\t\t\t\t\t<\/div>\n\t\t\t\t<\/div>\n\t\t\t\t<div class=\"elementor-element elementor-element-2bcac9c elementor-widget elementor-widget-image\" data-id=\"2bcac9c\" data-element_type=\"widget\" data-e-type=\"widget\" data-widget_type=\"image.default\">\n\t\t\t\t<div class=\"elementor-widget-container\">\n\t\t\t\t\t\t\t\t\t\t\t\t\t\t\t<img loading=\"lazy\" decoding=\"async\" width=\"300\" height=\"26\" src=\"https:\/\/www.dmctools.eu\/wp-content\/uploads\/2025\/12\/Astro_FullLogo_Blue-300x26.png\" class=\"attachment-medium size-medium wp-image-6462\" alt=\"\" srcset=\"https:\/\/www.dmctools.eu\/wp-content\/uploads\/2025\/12\/Astro_FullLogo_Blue-300x26.png 300w, https:\/\/www.dmctools.eu\/wp-content\/uploads\/2025\/12\/Astro_FullLogo_Blue-1024x90.png 1024w, https:\/\/www.dmctools.eu\/wp-content\/uploads\/2025\/12\/Astro_FullLogo_Blue-768x68.png 768w, https:\/\/www.dmctools.eu\/wp-content\/uploads\/2025\/12\/Astro_FullLogo_Blue-1536x135.png 1536w, https:\/\/www.dmctools.eu\/wp-content\/uploads\/2025\/12\/Astro_FullLogo_Blue-2048x180.png 2048w, https:\/\/www.dmctools.eu\/wp-content\/uploads\/2025\/12\/Astro_FullLogo_Blue-18x2.png 18w\" sizes=\"(max-width: 300px) 100vw, 300px\" \/>\t\t\t\t\t\t\t\t\t\t\t\t\t\t\t<\/div>\n\t\t\t\t<\/div>\n\t\t\t\t<div class=\"elementor-element elementor-element-517bd6c elementor-icon-list--layout-inline elementor-align-center elementor-mobile-align-start elementor-list-item-link-full_width elementor-widget elementor-widget-icon-list\" data-id=\"517bd6c\" data-element_type=\"widget\" data-e-type=\"widget\" data-widget_type=\"icon-list.default\">\n\t\t\t\t<div class=\"elementor-widget-container\">\n\t\t\t\t\t\t\t<ul class=\"elementor-icon-list-items elementor-inline-items\">\n\t\t\t\t\t\t\t<li class=\"elementor-icon-list-item elementor-inline-item\">\n\t\t\t\t\t\t\t\t\t\t\t<a href=\"https:\/\/www.dmctools.eu\/wp-content\/uploads\/2021\/12\/Astro2021ReachStatement-2.pdf\">\n\n\t\t\t\t\t\t\t\t\t\t\t\t<span class=\"elementor-icon-list-icon\">\n\t\t\t\t\t\t\t<i aria-hidden=\"true\" class=\"far fa-file-pdf\"><\/i>\t\t\t\t\t\t<\/span>\n\t\t\t\t\t\t\t\t\t\t<span class=\"elementor-icon-list-text\">O\u015bwiadczenie o zasi\u0119gu Astro2021<\/span>\n\t\t\t\t\t\t\t\t\t\t\t<\/a>\n\t\t\t\t\t\t\t\t\t<\/li>\n\t\t\t\t\t\t\t\t<li class=\"elementor-icon-list-item elementor-inline-item\">\n\t\t\t\t\t\t\t\t\t\t\t<a href=\"https:\/\/www.dmctools.eu\/wp-content\/uploads\/2021\/12\/AstroProposition65Statement.pdf\">\n\n\t\t\t\t\t\t\t\t\t\t\t\t<span class=\"elementor-icon-list-icon\">\n\t\t\t\t\t\t\t<i aria-hidden=\"true\" class=\"far fa-file-pdf\"><\/i>\t\t\t\t\t\t<\/span>\n\t\t\t\t\t\t\t\t\t\t<span class=\"elementor-icon-list-text\">O\u015bwiadczenie Astro Proposition 65<\/span>\n\t\t\t\t\t\t\t\t\t\t\t<\/a>\n\t\t\t\t\t\t\t\t\t<\/li>\n\t\t\t\t\t\t<\/ul>\n\t\t\t\t\t\t<\/div>\n\t\t\t\t<\/div>\n\t\t\t\t<div class=\"elementor-element elementor-element-a449e8d elementor-widget elementor-widget-image\" data-id=\"a449e8d\" data-element_type=\"widget\" data-e-type=\"widget\" data-widget_type=\"image.default\">\n\t\t\t\t<div class=\"elementor-widget-container\">\n\t\t\t\t\t\t\t\t\t\t\t\t\t\t\t<img loading=\"lazy\" decoding=\"async\" width=\"154\" height=\"60\" src=\"https:\/\/www.dmctools.eu\/wp-content\/uploads\/2021\/11\/Compaero-Logo.jpg\" class=\"attachment-large size-large wp-image-1024\" alt=\"Logo Compaero\" srcset=\"https:\/\/www.dmctools.eu\/wp-content\/uploads\/2021\/11\/Compaero-Logo.jpg 154w, https:\/\/www.dmctools.eu\/wp-content\/uploads\/2021\/11\/Compaero-Logo-18x7.jpg 18w\" sizes=\"(max-width: 154px) 100vw, 154px\" \/>\t\t\t\t\t\t\t\t\t\t\t\t\t\t\t<\/div>\n\t\t\t\t<\/div>\n\t\t\t\t<div class=\"elementor-element elementor-element-1c36b90 elementor-icon-list--layout-inline elementor-align-center elementor-mobile-align-start elementor-list-item-link-full_width elementor-widget elementor-widget-icon-list\" data-id=\"1c36b90\" data-element_type=\"widget\" data-e-type=\"widget\" data-widget_type=\"icon-list.default\">\n\t\t\t\t<div class=\"elementor-widget-container\">\n\t\t\t\t\t\t\t<ul class=\"elementor-icon-list-items elementor-inline-items\">\n\t\t\t\t\t\t\t<li class=\"elementor-icon-list-item elementor-inline-item\">\n\t\t\t\t\t\t\t\t\t\t\t<a href=\"https:\/\/www.dmctools.eu\/wp-content\/uploads\/2024\/06\/May-2023-REACH-Statement.pdf\">\n\n\t\t\t\t\t\t\t\t\t\t\t\t<span class=\"elementor-icon-list-icon\">\n\t\t\t\t\t\t\t<i aria-hidden=\"true\" class=\"far fa-file-pdf\"><\/i>\t\t\t\t\t\t<\/span>\n\t\t\t\t\t\t\t\t\t\t<span class=\"elementor-icon-list-text\">O\u015bwiadczenie REACH 2023<\/span>\n\t\t\t\t\t\t\t\t\t\t\t<\/a>\n\t\t\t\t\t\t\t\t\t<\/li>\n\t\t\t\t\t\t\t\t<li class=\"elementor-icon-list-item elementor-inline-item\">\n\t\t\t\t\t\t\t\t\t\t\t<a href=\"https:\/\/www.dmctools.eu\/wp-content\/uploads\/2024\/06\/2022-RoHS-Statement.pdf\">\n\n\t\t\t\t\t\t\t\t\t\t\t\t<span class=\"elementor-icon-list-icon\">\n\t\t\t\t\t\t\t<i aria-hidden=\"true\" class=\"far fa-file-pdf\"><\/i>\t\t\t\t\t\t<\/span>\n\t\t\t\t\t\t\t\t\t\t<span class=\"elementor-icon-list-text\">2022 O\u015bwiadczenie RoHS<\/span>\n\t\t\t\t\t\t\t\t\t\t\t<\/a>\n\t\t\t\t\t\t\t\t\t<\/li>\n\t\t\t\t\t\t<\/ul>\n\t\t\t\t\t\t<\/div>\n\t\t\t\t<\/div>\n\t\t\t\t<div class=\"elementor-element elementor-element-2941d74 elementor-widget elementor-widget-image\" data-id=\"2941d74\" data-element_type=\"widget\" data-e-type=\"widget\" data-widget_type=\"image.default\">\n\t\t\t\t<div class=\"elementor-widget-container\">\n\t\t\t\t\t\t\t\t\t\t\t\t\t\t\t<img loading=\"lazy\" decoding=\"async\" width=\"299\" height=\"49\" src=\"https:\/\/www.dmctools.eu\/wp-content\/uploads\/2024\/05\/DMC-Logo.jpg\" class=\"attachment-large size-large wp-image-4281\" alt=\"\" srcset=\"https:\/\/www.dmctools.eu\/wp-content\/uploads\/2024\/05\/DMC-Logo.jpg 299w, https:\/\/www.dmctools.eu\/wp-content\/uploads\/2024\/05\/DMC-Logo-18x3.jpg 18w\" sizes=\"(max-width: 299px) 100vw, 299px\" \/>\t\t\t\t\t\t\t\t\t\t\t\t\t\t\t<\/div>\n\t\t\t\t<\/div>\n\t\t\t\t<div class=\"elementor-element elementor-element-4d0c590 elementor-icon-list--layout-inline elementor-align-center elementor-mobile-align-start elementor-list-item-link-full_width elementor-widget elementor-widget-icon-list\" data-id=\"4d0c590\" data-element_type=\"widget\" data-e-type=\"widget\" data-widget_type=\"icon-list.default\">\n\t\t\t\t<div class=\"elementor-widget-container\">\n\t\t\t\t\t\t\t<ul class=\"elementor-icon-list-items elementor-inline-items\">\n\t\t\t\t\t\t\t<li class=\"elementor-icon-list-item elementor-inline-item\">\n\t\t\t\t\t\t\t\t\t\t\t<a href=\"https:\/\/www.dmctools.eu\/wp-content\/uploads\/2024\/05\/Conflict_Minerals-2024_Letter.pdf\">\n\n\t\t\t\t\t\t\t\t\t\t\t\t<span class=\"elementor-icon-list-icon\">\n\t\t\t\t\t\t\t<i aria-hidden=\"true\" class=\"far fa-file-pdf\"><\/i>\t\t\t\t\t\t<\/span>\n\t\t\t\t\t\t\t\t\t\t<span class=\"elementor-icon-list-text\">Minera\u0142y konfliktu<\/span>\n\t\t\t\t\t\t\t\t\t\t\t<\/a>\n\t\t\t\t\t\t\t\t\t<\/li>\n\t\t\t\t\t\t\t\t<li class=\"elementor-icon-list-item elementor-inline-item\">\n\t\t\t\t\t\t\t\t\t\t\t<a href=\"https:\/\/www.dmctools.eu\/wp-content\/uploads\/2024\/05\/REACH-February_2024_Letter_002.pdf\">\n\n\t\t\t\t\t\t\t\t\t\t\t\t<span class=\"elementor-icon-list-icon\">\n\t\t\t\t\t\t\t<i aria-hidden=\"true\" class=\"far fa-file-pdf\"><\/i>\t\t\t\t\t\t<\/span>\n\t\t\t\t\t\t\t\t\t\t<span class=\"elementor-icon-list-text\">REACH<\/span>\n\t\t\t\t\t\t\t\t\t\t\t<\/a>\n\t\t\t\t\t\t\t\t\t<\/li>\n\t\t\t\t\t\t\t\t<li class=\"elementor-icon-list-item elementor-inline-item\">\n\t\t\t\t\t\t\t\t\t\t\t<a href=\"https:\/\/www.dmctools.eu\/wp-content\/uploads\/2024\/05\/ROHS2024Letter.pdf\">\n\n\t\t\t\t\t\t\t\t\t\t\t\t<span class=\"elementor-icon-list-icon\">\n\t\t\t\t\t\t\t<i aria-hidden=\"true\" class=\"far fa-file-pdf\"><\/i>\t\t\t\t\t\t<\/span>\n\t\t\t\t\t\t\t\t\t\t<span class=\"elementor-icon-list-text\">ROHS<\/span>\n\t\t\t\t\t\t\t\t\t\t\t<\/a>\n\t\t\t\t\t\t\t\t\t<\/li>\n\t\t\t\t\t\t<\/ul>\n\t\t\t\t\t\t<\/div>\n\t\t\t\t<\/div>\n\t\t\t\t<div class=\"elementor-element elementor-element-a509430 elementor-widget elementor-widget-image\" data-id=\"a509430\" data-element_type=\"widget\" data-e-type=\"widget\" data-widget_type=\"image.default\">\n\t\t\t\t<div class=\"elementor-widget-container\">\n\t\t\t\t\t\t\t\t\t\t\t\t\t\t\t<img loading=\"lazy\" decoding=\"async\" width=\"133\" height=\"60\" src=\"https:\/\/www.dmctools.eu\/wp-content\/uploads\/2021\/10\/IDEAL_4C-LtBlueShadow-e1502838044324.jpg\" class=\"attachment-large size-large wp-image-265\" alt=\"Idealne logo\" \/>\t\t\t\t\t\t\t\t\t\t\t\t\t\t\t<\/div>\n\t\t\t\t<\/div>\n\t\t\t\t<div class=\"elementor-element elementor-element-a02ce76 elementor-icon-list--layout-inline elementor-align-center elementor-mobile-align-start elementor-list-item-link-full_width elementor-widget elementor-widget-icon-list\" data-id=\"a02ce76\" data-element_type=\"widget\" data-e-type=\"widget\" data-widget_type=\"icon-list.default\">\n\t\t\t\t<div class=\"elementor-widget-container\">\n\t\t\t\t\t\t\t<ul class=\"elementor-icon-list-items elementor-inline-items\">\n\t\t\t\t\t\t\t<li class=\"elementor-icon-list-item elementor-inline-item\">\n\t\t\t\t\t\t\t\t\t\t\t<a href=\"https:\/\/www.dmctools.eu\/wp-content\/uploads\/2021\/12\/IDEAL-Electrical_Reach-Certificate-01-19-2021-211.pdf\">\n\n\t\t\t\t\t\t\t\t\t\t\t\t<span class=\"elementor-icon-list-icon\">\n\t\t\t\t\t\t\t<i aria-hidden=\"true\" class=\"far fa-file-pdf\"><\/i>\t\t\t\t\t\t<\/span>\n\t\t\t\t\t\t\t\t\t\t<span class=\"elementor-icon-list-text\">Certyfikat zasi\u0119gu elektrycznego IDEAL<\/span>\n\t\t\t\t\t\t\t\t\t\t\t<\/a>\n\t\t\t\t\t\t\t\t\t<\/li>\n\t\t\t\t\t\t\t\t<li class=\"elementor-icon-list-item elementor-inline-item\">\n\t\t\t\t\t\t\t\t\t\t\t<a href=\"https:\/\/www.dmctools.eu\/wp-content\/uploads\/2021\/12\/IDEAL-US-RoHS-Compliance-Statement-rev-12-1-2020.pdf\">\n\n\t\t\t\t\t\t\t\t\t\t\t\t<span class=\"elementor-icon-list-icon\">\n\t\t\t\t\t\t\t<i aria-hidden=\"true\" class=\"far fa-file-pdf\"><\/i>\t\t\t\t\t\t<\/span>\n\t\t\t\t\t\t\t\t\t\t<span class=\"elementor-icon-list-text\">O\u015bwiadczenie IDEAL US o zgodno\u015bci z dyrektyw\u0105 RoHS<\/span>\n\t\t\t\t\t\t\t\t\t\t\t<\/a>\n\t\t\t\t\t\t\t\t\t<\/li>\n\t\t\t\t\t\t<\/ul>\n\t\t\t\t\t\t<\/div>\n\t\t\t\t<\/div>\n\t\t\t\t\t<\/div>\n\t\t<\/div>\n\t\t\t\t\t<\/div>\n\t\t<\/section>\n\t\t\t\t<\/div>","protected":false},"excerpt":{"rendered":"<p>Qualifications DMC Europe complies with national and international industry standards and requirements. Our certifications are proof of our unwavering promise to provide only the best. DEKRA Quality Management DIN EN 9001:2015 &#8211; GERMAN DEKRA Quality Management DIN EN 9001:2015 &#8211; ENGLISH Certificate of Master Distributor Status DEKRA Quality Management EN 9120:2018 -GERMAN DEKRA Quality Management [&hellip;]<\/p>\n","protected":false},"author":1,"featured_media":0,"parent":0,"menu_order":0,"comment_status":"closed","ping_status":"closed","template":"","meta":{"footnotes":""},"class_list":["post-57","page","type-page","status-publish","hentry"],"_links":{"self":[{"href":"https:\/\/www.dmctools.eu\/pl\/wp-json\/wp\/v2\/pages\/57","targetHints":{"allow":["GET"]}}],"collection":[{"href":"https:\/\/www.dmctools.eu\/pl\/wp-json\/wp\/v2\/pages"}],"about":[{"href":"https:\/\/www.dmctools.eu\/pl\/wp-json\/wp\/v2\/types\/page"}],"author":[{"embeddable":true,"href":"https:\/\/www.dmctools.eu\/pl\/wp-json\/wp\/v2\/users\/1"}],"replies":[{"embeddable":true,"href":"https:\/\/www.dmctools.eu\/pl\/wp-json\/wp\/v2\/comments?post=57"}],"version-history":[{"count":81,"href":"https:\/\/www.dmctools.eu\/pl\/wp-json\/wp\/v2\/pages\/57\/revisions"}],"predecessor-version":[{"id":6506,"href":"https:\/\/www.dmctools.eu\/pl\/wp-json\/wp\/v2\/pages\/57\/revisions\/6506"}],"wp:attachment":[{"href":"https:\/\/www.dmctools.eu\/pl\/wp-json\/wp\/v2\/media?parent=57"}],"curies":[{"name":"wp","href":"https:\/\/api.w.org\/{rel}","templated":true}]}}