{"id":53,"date":"2021-10-19T22:03:35","date_gmt":"2021-10-19T20:03:35","guid":{"rendered":"https:\/\/neu.mcd-tools.de\/?page_id=53"},"modified":"2026-03-27T09:29:25","modified_gmt":"2026-03-27T08:29:25","slug":"dataprotection","status":"publish","type":"page","link":"https:\/\/www.dmctools.eu\/pl\/dataprotection\/","title":{"rendered":"Ochrona danych"},"content":{"rendered":"<div data-elementor-type=\"wp-page\" data-elementor-id=\"53\" class=\"elementor elementor-53\" data-elementor-post-type=\"page\">\n\t\t\t\t\t\t<section class=\"elementor-section elementor-top-section elementor-element elementor-element-1f9a40b elementor-section-boxed elementor-section-height-default elementor-section-height-default\" data-id=\"1f9a40b\" data-element_type=\"section\" data-e-type=\"section\">\n\t\t\t\t\t\t<div class=\"elementor-container elementor-column-gap-default\">\n\t\t\t\t\t<div class=\"elementor-column elementor-col-100 elementor-top-column elementor-element elementor-element-0f4f422\" data-id=\"0f4f422\" data-element_type=\"column\" data-e-type=\"column\">\n\t\t\t<div class=\"elementor-widget-wrap elementor-element-populated\">\n\t\t\t\t\t\t<div class=\"elementor-element elementor-element-b3a49f2 elementor-widget elementor-widget-text-editor\" data-id=\"b3a49f2\" data-element_type=\"widget\" data-e-type=\"widget\" data-widget_type=\"text-editor.default\">\n\t\t\t\t<div class=\"elementor-widget-container\">\n\t\t\t\t\t\t\t\t\t<h2>Ochrona danych - Polityka prywatno\u015bci<\/h2><h3>1. Ochrona danych<\/h3><h4>Informacje og\u00f3lne<\/h4><p>Poni\u017csze informacje stanowi\u0105 prosty przegl\u0105d tego, co dzieje si\u0119 z danymi osobowymi u\u017cytkownika podczas odwiedzania tej witryny. Dane osobowe to wszelkie dane, kt\u00f3re mo\u017cna wykorzysta\u0107 do osobistej identyfikacji u\u017cytkownika.<\/p><p>Szczeg\u00f3\u0142owe informacje mo\u017cna znale\u017a\u0107 w poni\u017cszych sekcjach niniejszej ochrony danych.<\/p><h4>Kto jest odpowiedzialny za gromadzenie danych na tej stronie?<\/h4><p>Przetwarzanie danych na tej stronie internetowej jest przeprowadzane przez operatora strony. Dane kontaktowe mo\u017cna znale\u017a\u0107 w sekcji \u201cOrgan odpowiedzialny\u201d.\u201d<\/p><h4>W jaki spos\u00f3b gromadzimy dane u\u017cytkownik\u00f3w?<\/h4><p>Z jednej strony, dane u\u017cytkownika s\u0105 gromadzone, gdy nam je przekazuje (np. podczas rejestracji, sk\u0142adania zam\u00f3wienia lub kontaktowania si\u0119 z nami). <br \/>Inne dane s\u0105 gromadzone automatycznie przez nasze systemy informatyczne podczas odwiedzania strony internetowej (np. dane techniczne).<\/p><h4>Do czego wykorzystujemy dane?<\/h4><p>W celu zapewnienia sklepu internetowego, przetwarzania um\u00f3w, obs\u0142ugi klienta i optymalizacji technicznej strony internetowej.<\/p><h4>Jakie prawa przys\u0142uguj\u0105 u\u017cytkownikowi w odniesieniu do jego danych?<\/h4><p>U\u017cytkownik ma prawo do dost\u0119pu, sprostowania, usuni\u0119cia, ograniczenia przetwarzania, przenoszenia danych oraz wniesienia skargi do organu nadzorczego.<\/p><h3>\u00a0<\/h3><h3>2. Organ odpowiedzialny<\/h3><p>DMC Europe GmbH<br \/>In der Au 29<br \/>61440 Oberursel<br \/>Niemcy<br \/>Telefon: +49 6171 27791-91<br \/>E-mail: info@dmctools.eu<\/p><p>Podmiotem odpowiedzialnym jest podmiot prawny, kt\u00f3ry decyduje o celach i \u015brodkach przetwarzania.<\/p><p>\u00a0<\/p><h3>3. Inspektor ochrony danych<\/h3><p>Naszym inspektorem ochrony danych jest<\/p><p>heyData GmbH<br \/>Sch\u00fctzenstra\u00dfe 5<br \/>10117 Berlin www.heydata.eu<br \/>datenschutz@heydata.eu<\/p><p>\u00a0<\/p><h3>4. Hosting<\/h3><h4>ePages<\/h4><p>Nasz sklep internetowy jest obs\u0142ugiwany przez system sklepowy ePages. ePages przetwarza dane osobowe w naszym imieniu.<br \/>Przetwarzanie odbywa si\u0119 na podstawie umowy o przetwarzaniu danych zgodnie z art. 28 RODO. 28 RODO.<br \/>Przetwarzane dane mog\u0105 obejmowa\u0107 w szczeg\u00f3lno\u015bci:<br \/>- Dane inwentaryzacyjne<br \/>- Dane kontaktowe<br \/>- Dane zam\u00f3wienia<br \/>- Dane u\u017cytkowania<br \/>- Adresy IP<\/p><p><strong>Hosting<\/strong><br \/>Witryna jest hostowana przez zewn\u0119trznego us\u0142ugodawc\u0119:<\/p><p>Alfahosting GmbH<br \/>Ankerstra\u00dfe 3b<br \/>06108 Halle (Saale)<\/p><p>Przetwarzanie odbywa si\u0119 na podstawie Art. 6 (1) lit. b i f RODO.<\/p><h3>\u00a0<\/h3><h3>5. Konto klienta<\/h3><p>Mo\u017cesz utworzy\u0107 konto klienta. W ten spos\u00f3b przetwarzamy w szczeg\u00f3lno\u015bci:<\/p><ul><li>Nazwa<\/li><li>Nazwa firmy<\/li><li>Adres<\/li><li>Adres e-mail<\/li><li>Dane dost\u0119pu<\/li><li>Historia zam\u00f3wie\u0144<\/li><\/ul><p>Przetwarzanie odbywa si\u0119 w celu realizacji umowy zgodnie z art. 6 ust. 1 lit. b RODO. 6 (1) lit. b RODO.<\/p><p>Konto klienta mo\u017cna usun\u0105\u0107 w dowolnym momencie.<\/p><h3>\u00a0<\/h3><h3>6. Przetwarzanie zam\u00f3wie\u0144<\/h3><p>Aby przetworzy\u0107 zam\u00f3wienia, przetwarzamy:<\/p><ul><li>Adres rozliczeniowy i adres dostawy<\/li><li>Dane kontaktowe<\/li><li>Szczeg\u00f3\u0142y zam\u00f3wienia<\/li><li>Status p\u0142atno\u015bci<\/li><li>Przetwarzanie odbywa si\u0119 na podstawie art. 6 ust. 1 lit. b) RODO. 6 (1) (b) RODO.<\/li><\/ul><h3>\u00a0<\/h3><h3>7. Przetwarzanie p\u0142atno\u015bci (Saferpay)<\/h3><p>Do przetwarzania p\u0142atno\u015bci u\u017cywamy dostawcy us\u0142ug p\u0142atniczych Saferpay (Worldline Schweiz AG).<br \/>Podczas transakcji p\u0142atniczych dane dotycz\u0105ce p\u0142atno\u015bci s\u0105 przesy\u0142ane bezpo\u015brednio do Saferpay. Nie otrzymujemy pe\u0142nych informacji o p\u0142atno\u015bci.<br \/>Przetwarzane s\u0105 w szczeg\u00f3lno\u015bci nast\u0119puj\u0105ce dane:<\/p><ul><li>Kwota p\u0142atno\u015bci<\/li><li>Dane transakcji<\/li><li>Adres IP<\/li><li>Metoda p\u0142atno\u015bci<br \/>Podstawa prawna: Art. 6 (1) (b) RODO.<\/li><\/ul><h3>\u00a0<\/h3><h3>8. Dostawcy us\u0142ug wysy\u0142kowych<\/h3><p>Wsp\u00f3\u0142pracujemy z nast\u0119puj\u0105cymi dostawcami us\u0142ug wysy\u0142kowych w celu dostarczania zam\u00f3wie\u0144:<\/p><ul><li>DHL<\/li><li>UPS<\/li><li>FedEx<\/li><li>TNT<\/li><li>DPD<\/li><\/ul><p>Przesy\u0142ane s\u0105 do nich nast\u0119puj\u0105ce dane:<\/p><ul><li>Nazwa<\/li><li>Adres dostawy<\/li><li>Adres e-mail (je\u015bli dotyczy)<\/li><li>Numer telefonu (je\u015bli dotyczy)<\/li><\/ul><p>Podstawa prawna: Art. 6 (1) lit. b RODO.<\/p><h3>\u00a0<\/h3><h3>9. System zarz\u0105dzania towarami (Sage 100)<\/h3><p>U\u017cywamy systemu ERP Sage 100 do przetwarzania zam\u00f3wie\u0144, faktur i ksi\u0119gowo\u015bci.<br \/>W szczeg\u00f3lno\u015bci przetwarzane s\u0105 tutaj dane klient\u00f3w, zam\u00f3wie\u0144 i faktur.<br \/>Podstawa prawna: Art. 6 (1) (b) i (c) RODO.<\/p><h3>\u00a0<\/h3><h3>10. Formularz kontaktowy<\/h3><p>Je\u015bli u\u017cytkownik skontaktuje si\u0119 z nami za po\u015brednictwem formularza kontaktowego, jego dane b\u0119d\u0105 przechowywane w celu przetworzenia zapytania.<\/p><ul><li>Przetworzone dane:<\/li><li>Nazwa<\/li><li>Adres e-mail<\/li><li>Wiadomo\u015b\u0107<\/li><\/ul><p>Podstawa prawna: Art. 6 (1) (b) lub (f) RODO.<\/p><h3>\u00a0<\/h3><h3>11. Pliki cookie<\/h3><p>Nasza strona internetowa wykorzystuje wy\u0142\u0105cznie technicznie niezb\u0119dne pliki cookie, kt\u00f3re s\u0105 wymagane do dzia\u0142ania sklepu internetowego.<br \/>Te pliki cookie s\u0142u\u017c\u0105 mi\u0119dzy innymi do:<\/p><ul><li>funkcja koszyka na zakupy<\/li><li>funkcja logowania<\/li><li>kontrola sesji<\/li><\/ul><p>Podstawa prawna: Art. 6 (1) lit. f RODO.<\/p><h3>\u00a0<\/h3><h3>12. Okres przechowywania<\/h3><p>Przechowujemy dane osobowe tylko tak d\u0142ugo, jak jest to konieczne do realizacji odpowiednich cel\u00f3w lub tak d\u0142ugo, jak istniej\u0105 prawne okresy przechowywania.<br \/>Dokumenty biznesowe s\u0105 przechowywane przez okres do 10 lat zgodnie z wymogami prawa handlowego i podatkowego.<\/p><h3>\u00a0<\/h3><h3>13. Ujawnianie danych<\/h3><p>Dane u\u017cytkownika b\u0119d\u0105 ujawniane wy\u0142\u0105cznie:<\/p><ul><li>do przetwarzania um\u00f3w<\/li><li>ze wzgl\u0119du na zobowi\u0105zania prawne<\/li><li>do procesor\u00f3w<\/li><\/ul><p>Dane s\u0105 przekazywane do naszych sp\u00f3\u0142ek stowarzyszonych w naszej sp\u00f3\u0142ce macierzystej z siedzib\u0105 w USA w ramach og\u00f3lnofirmowego marketingowego systemu CRM.<br \/>Dost\u0119p s\u0142u\u017cy do cel\u00f3w marketingowych, zarz\u0105dzania potencjalnymi klientami i raportowania w ca\u0142ej grupie.<br \/>Istnieje wsp\u00f3lna odpowiedzialno\u015b\u0107 zgodnie z art. 26 RODO. 26 RODO. Na \u017c\u0105danie udost\u0119pnimy istotn\u0105 tre\u015b\u0107 umowy.<br \/>Dane osobowe s\u0105 przekazywane do USA. Odbywa si\u0119 to na podstawie odpowiednich zabezpiecze\u0144 zgodnie z Art. 44 i nast. RODO.<\/p><h3>14. Prawa u\u017cytkownika<\/h3><p>U\u017cytkownik ma nast\u0119puj\u0105ce prawa:<\/p><ul><li>Informacje (art. 15 RODO)<\/li><li>Sprostowanie (art. 16 RODO)<\/li><li>Usuwanie danych (art. 17 RODO)<\/li><li>Ograniczenie (art. 18 RODO)<\/li><li>Przenoszenie danych (art. 20 RODO)<\/li><li>Sprzeciw (art. 21 RODO)<\/li><\/ul><p>Wszelkie wnioski nale\u017cy kierowa\u0107 do w\u0142a\u015bciwego organu wymienionego powy\u017cej.<\/p><h3>15. Cofni\u0119cie zgody<\/h3><p>U\u017cytkownik mo\u017ce odwo\u0142a\u0107 swoj\u0105 zgod\u0119 w dowolnym momencie ze skutkiem na przysz\u0142o\u015b\u0107.<\/p><h3>\u00a0<\/h3><h3>16. Prawo do z\u0142o\u017cenia skargi<\/h3><p>U\u017cytkownik ma prawo do z\u0142o\u017cenia skargi do organu nadzorczego ds. ochrony danych.<br \/>W\u0142a\u015bciwym organem nadzorczym jest w szczeg\u00f3lno\u015bci organ nadzorczy w\u0142a\u015bciwy dla miejsca zamieszkania lub siedziby u\u017cytkownika.<\/p><h3>\u00a0<\/h3><h3>17. Szyfrowanie SSL\/TLS<\/h3><p>Ze wzgl\u0119d\u00f3w bezpiecze\u0144stwa niniejsza witryna korzysta z szyfrowania SSL lub TLS.<\/p><h3>\u00a0<\/h3><h3>18. Sprzeciw wobec reklamowych wiadomo\u015bci e-mail<\/h3><p>Sprzeciwiamy si\u0119 wykorzystywaniu danych kontaktowych opublikowanych w stopce redakcyjnej do wysy\u0142ania niezam\u00f3wionych reklam.<\/p><h3>\u00a0<\/h3><h3>19. Status i aktualizacje<\/h3><p>Niniejsza polityka prywatno\u015bci jest aktualna na stycze\u0144 2026 r.<br \/>Zastrzegamy sobie prawo do zmiany niniejszej polityki prywatno\u015bci w razie potrzeby.<\/p>\t\t\t\t\t\t\t\t<\/div>\n\t\t\t\t<\/div>\n\t\t\t\t\t<\/div>\n\t\t<\/div>\n\t\t\t\t\t<\/div>\n\t\t<\/section>\n\t\t\t\t<\/div>","protected":false},"excerpt":{"rendered":"<p>Data Protection &#8211; Privacy Policy 1. Data Protection General Information The following information provides a simple overview of what happens to your personal data when you visit this website. Personal data is any data that can be used to personally identify you personally. Detailed information can be found in the following sections of this data [&hellip;]<\/p>\n","protected":false},"author":1,"featured_media":0,"parent":0,"menu_order":0,"comment_status":"closed","ping_status":"closed","template":"","meta":{"footnotes":""},"class_list":["post-53","page","type-page","status-publish","hentry"],"_links":{"self":[{"href":"https:\/\/www.dmctools.eu\/pl\/wp-json\/wp\/v2\/pages\/53","targetHints":{"allow":["GET"]}}],"collection":[{"href":"https:\/\/www.dmctools.eu\/pl\/wp-json\/wp\/v2\/pages"}],"about":[{"href":"https:\/\/www.dmctools.eu\/pl\/wp-json\/wp\/v2\/types\/page"}],"author":[{"embeddable":true,"href":"https:\/\/www.dmctools.eu\/pl\/wp-json\/wp\/v2\/users\/1"}],"replies":[{"embeddable":true,"href":"https:\/\/www.dmctools.eu\/pl\/wp-json\/wp\/v2\/comments?post=53"}],"version-history":[{"count":69,"href":"https:\/\/www.dmctools.eu\/pl\/wp-json\/wp\/v2\/pages\/53\/revisions"}],"predecessor-version":[{"id":6705,"href":"https:\/\/www.dmctools.eu\/pl\/wp-json\/wp\/v2\/pages\/53\/revisions\/6705"}],"wp:attachment":[{"href":"https:\/\/www.dmctools.eu\/pl\/wp-json\/wp\/v2\/media?parent=53"}],"curies":[{"name":"wp","href":"https:\/\/api.w.org\/{rel}","templated":true}]}}