{"id":43,"date":"2021-10-19T22:02:15","date_gmt":"2021-10-19T20:02:15","guid":{"rendered":"https:\/\/neu.mcd-tools.de\/?page_id=43"},"modified":"2024-06-28T16:04:21","modified_gmt":"2024-06-28T14:04:21","slug":"technical-support","status":"publish","type":"page","link":"https:\/\/www.dmctools.eu\/pl\/technical-support\/","title":{"rendered":"Wsparcie techniczne"},"content":{"rendered":"<div data-elementor-type=\"wp-page\" data-elementor-id=\"43\" class=\"elementor elementor-43\" data-elementor-post-type=\"page\">\n\t\t\t\t\t\t<section class=\"elementor-section elementor-top-section elementor-element elementor-element-d2beda6 elementor-section-height-min-height elementor-section-boxed elementor-section-height-default elementor-section-items-middle\" data-id=\"d2beda6\" data-element_type=\"section\" data-e-type=\"section\" data-settings=\"{&quot;background_background&quot;:&quot;classic&quot;}\">\n\t\t\t\t\t\t<div class=\"elementor-container elementor-column-gap-default\">\n\t\t\t\t\t<div class=\"elementor-column elementor-col-100 elementor-top-column elementor-element elementor-element-a386053\" data-id=\"a386053\" data-element_type=\"column\" data-e-type=\"column\">\n\t\t\t<div class=\"elementor-widget-wrap elementor-element-populated\">\n\t\t\t\t\t\t<div class=\"elementor-element elementor-element-c582724 elementor-widget elementor-widget-heading\" data-id=\"c582724\" data-element_type=\"widget\" data-e-type=\"widget\" data-widget_type=\"heading.default\">\n\t\t\t\t<div class=\"elementor-widget-container\">\n\t\t\t\t\t<h1 class=\"elementor-heading-title elementor-size-default\">Wsparcie techniczne<\/h1>\t\t\t\t<\/div>\n\t\t\t\t<\/div>\n\t\t\t\t\t<\/div>\n\t\t<\/div>\n\t\t\t\t\t<\/div>\n\t\t<\/section>\n\t\t\t\t<section class=\"elementor-section elementor-top-section elementor-element elementor-element-871be04 elementor-section-boxed elementor-section-height-default elementor-section-height-default\" data-id=\"871be04\" data-element_type=\"section\" data-e-type=\"section\">\n\t\t\t\t\t\t<div class=\"elementor-container elementor-column-gap-default\">\n\t\t\t\t\t<div class=\"elementor-column elementor-col-33 elementor-top-column elementor-element elementor-element-0e75863\" data-id=\"0e75863\" data-element_type=\"column\" data-e-type=\"column\">\n\t\t\t<div class=\"elementor-widget-wrap elementor-element-populated\">\n\t\t\t\t\t\t<div class=\"elementor-element elementor-element-a16eb2e elementor-widget elementor-widget-image\" data-id=\"a16eb2e\" data-element_type=\"widget\" data-e-type=\"widget\" data-widget_type=\"image.default\">\n\t\t\t\t<div class=\"elementor-widget-container\">\n\t\t\t\t\t\t\t\t\t\t\t\t\t\t\t<img decoding=\"async\" width=\"70\" height=\"70\" src=\"https:\/\/www.dmctools.eu\/wp-content\/uploads\/2024\/05\/Tool-Selection-Icon-1.png\" class=\"attachment-large size-large wp-image-4699\" alt=\"\" srcset=\"https:\/\/www.dmctools.eu\/wp-content\/uploads\/2024\/05\/Tool-Selection-Icon-1.png 70w, https:\/\/www.dmctools.eu\/wp-content\/uploads\/2024\/05\/Tool-Selection-Icon-1-12x12.png 12w\" sizes=\"(max-width: 70px) 100vw, 70px\" \/>\t\t\t\t\t\t\t\t\t\t\t\t\t\t\t<\/div>\n\t\t\t\t<\/div>\n\t\t\t\t<div class=\"elementor-element elementor-element-1112027 elementor-widget elementor-widget-heading\" data-id=\"1112027\" data-element_type=\"widget\" data-e-type=\"widget\" data-widget_type=\"heading.default\">\n\t\t\t\t<div class=\"elementor-widget-container\">\n\t\t\t\t\t<h3 class=\"elementor-heading-title elementor-size-default\">Wyb\u00f3r narz\u0119dzia<\/h3>\t\t\t\t<\/div>\n\t\t\t\t<\/div>\n\t\t\t\t<div class=\"elementor-element elementor-element-073c898 elementor-widget elementor-widget-text-editor\" data-id=\"073c898\" data-element_type=\"widget\" data-e-type=\"widget\" data-widget_type=\"text-editor.default\">\n\t\t\t\t<div class=\"elementor-widget-container\">\n\t\t\t\t\t\t\t\t\t<p>Wsp\u00f3\u0142pracuj z naszym zespo\u0142em lub skorzystaj z <a href=\"https:\/\/dmctools.com\/toolsearch\" target=\"_blank\" rel=\"noopener\">Wyszukiwanie wyboru narz\u0119dzi<\/a> aby znale\u017a\u0107 odpowiednie narz\u0119dzie do danego zadania.\u00a0<\/p>\t\t\t\t\t\t\t\t<\/div>\n\t\t\t\t<\/div>\n\t\t\t\t\t<\/div>\n\t\t<\/div>\n\t\t\t\t<div class=\"elementor-column elementor-col-33 elementor-top-column elementor-element elementor-element-d367814\" data-id=\"d367814\" data-element_type=\"column\" data-e-type=\"column\">\n\t\t\t<div class=\"elementor-widget-wrap elementor-element-populated\">\n\t\t\t\t\t\t<div class=\"elementor-element elementor-element-2bfe3a6 elementor-widget elementor-widget-image\" data-id=\"2bfe3a6\" data-element_type=\"widget\" data-e-type=\"widget\" data-widget_type=\"image.default\">\n\t\t\t\t<div class=\"elementor-widget-container\">\n\t\t\t\t\t\t\t\t\t\t\t\t\t\t\t<img decoding=\"async\" width=\"70\" height=\"70\" src=\"https:\/\/www.dmctools.eu\/wp-content\/uploads\/2024\/05\/Comparable-Tooling-Icon.png\" class=\"attachment-large size-large wp-image-4460\" alt=\"\" srcset=\"https:\/\/www.dmctools.eu\/wp-content\/uploads\/2024\/05\/Comparable-Tooling-Icon.png 70w, https:\/\/www.dmctools.eu\/wp-content\/uploads\/2024\/05\/Comparable-Tooling-Icon-12x12.png 12w\" sizes=\"(max-width: 70px) 100vw, 70px\" \/>\t\t\t\t\t\t\t\t\t\t\t\t\t\t\t<\/div>\n\t\t\t\t<\/div>\n\t\t\t\t<div class=\"elementor-element elementor-element-86b7e91 elementor-widget elementor-widget-heading\" data-id=\"86b7e91\" data-element_type=\"widget\" data-e-type=\"widget\" data-widget_type=\"heading.default\">\n\t\t\t\t<div class=\"elementor-widget-container\">\n\t\t\t\t\t<h3 class=\"elementor-heading-title elementor-size-default\">Por\u00f3wnywalne oprzyrz\u0105dowanie<\/h3>\t\t\t\t<\/div>\n\t\t\t\t<\/div>\n\t\t\t\t<div class=\"elementor-element elementor-element-c117a93 elementor-widget elementor-widget-text-editor\" data-id=\"c117a93\" data-element_type=\"widget\" data-e-type=\"widget\" data-widget_type=\"text-editor.default\">\n\t\t\t\t<div class=\"elementor-widget-container\">\n\t\t\t\t\t\t\t\t\t<p>Nasz zesp\u00f3\u0142 ds. bada\u0144 technicznych mo\u017ce pom\u00f3c w znalezieniu por\u00f3wnywalnych opcji oprzyrz\u0105dowania.\u00a0<a href=\"\/pl\/contact\/\">Skontaktuj si\u0119 z nami<\/a><span style=\"background-color: var( --e-global-color-ea94f85 );\"> aby dowiedzie\u0107 si\u0119 wi\u0119cej.<\/span><\/p>\t\t\t\t\t\t\t\t<\/div>\n\t\t\t\t<\/div>\n\t\t\t\t\t<\/div>\n\t\t<\/div>\n\t\t\t\t<div class=\"elementor-column elementor-col-33 elementor-top-column elementor-element elementor-element-9cfb918\" data-id=\"9cfb918\" data-element_type=\"column\" data-e-type=\"column\">\n\t\t\t<div class=\"elementor-widget-wrap elementor-element-populated\">\n\t\t\t\t\t\t<div class=\"elementor-element elementor-element-3092f87 elementor-widget elementor-widget-image\" data-id=\"3092f87\" data-element_type=\"widget\" data-e-type=\"widget\" data-widget_type=\"image.default\">\n\t\t\t\t<div class=\"elementor-widget-container\">\n\t\t\t\t\t\t\t\t\t\t\t\t\t\t\t<img decoding=\"async\" width=\"70\" height=\"70\" src=\"https:\/\/www.dmctools.eu\/wp-content\/uploads\/2024\/05\/Product-Training-Icon.png\" class=\"attachment-large size-large wp-image-4461\" alt=\"\" srcset=\"https:\/\/www.dmctools.eu\/wp-content\/uploads\/2024\/05\/Product-Training-Icon.png 70w, https:\/\/www.dmctools.eu\/wp-content\/uploads\/2024\/05\/Product-Training-Icon-12x12.png 12w\" sizes=\"(max-width: 70px) 100vw, 70px\" \/>\t\t\t\t\t\t\t\t\t\t\t\t\t\t\t<\/div>\n\t\t\t\t<\/div>\n\t\t\t\t<div class=\"elementor-element elementor-element-d047bb1 elementor-widget elementor-widget-heading\" data-id=\"d047bb1\" data-element_type=\"widget\" data-e-type=\"widget\" data-widget_type=\"heading.default\">\n\t\t\t\t<div class=\"elementor-widget-container\">\n\t\t\t\t\t<h3 class=\"elementor-heading-title elementor-size-default\">Szkolenie produktowe<\/h3>\t\t\t\t<\/div>\n\t\t\t\t<\/div>\n\t\t\t\t<div class=\"elementor-element elementor-element-21079c6 elementor-widget elementor-widget-text-editor\" data-id=\"21079c6\" data-element_type=\"widget\" data-e-type=\"widget\" data-widget_type=\"text-editor.default\">\n\t\t\t\t<div class=\"elementor-widget-container\">\n\t\t\t\t\t\t\t\t\t<p><span class=\"Y2IQFc\" lang=\"en\">Jeste\u015bmy dost\u0119pni, aby zapewni\u0107 szkolenia na miejscu i wsparcie techniczne. <a href=\"\/pl\/contact\/\">Harmonogram<\/a> wizyta dzisiaj.\u00a0<\/span><\/p>\t\t\t\t\t\t\t\t<\/div>\n\t\t\t\t<\/div>\n\t\t\t\t\t<\/div>\n\t\t<\/div>\n\t\t\t\t\t<\/div>\n\t\t<\/section>\n\t\t\t\t<section class=\"elementor-section elementor-top-section elementor-element elementor-element-85f647b elementor-section-boxed elementor-section-height-default elementor-section-height-default\" data-id=\"85f647b\" data-element_type=\"section\" data-e-type=\"section\">\n\t\t\t\t\t\t<div class=\"elementor-container elementor-column-gap-default\">\n\t\t\t\t\t<div class=\"elementor-column elementor-col-33 elementor-top-column elementor-element elementor-element-2f6a554\" data-id=\"2f6a554\" data-element_type=\"column\" data-e-type=\"column\">\n\t\t\t<div class=\"elementor-widget-wrap elementor-element-populated\">\n\t\t\t\t\t\t<div class=\"elementor-element elementor-element-bb56a4b elementor-widget elementor-widget-image\" data-id=\"bb56a4b\" data-element_type=\"widget\" data-e-type=\"widget\" data-widget_type=\"image.default\">\n\t\t\t\t<div class=\"elementor-widget-container\">\n\t\t\t\t\t\t\t\t\t\t\t\t\t\t\t<img loading=\"lazy\" decoding=\"async\" width=\"800\" height=\"439\" src=\"https:\/\/www.dmctools.eu\/wp-content\/uploads\/2024\/05\/Technical-support-tool-selection-image-resized-01-1024x562.jpg\" class=\"attachment-large size-large wp-image-4769\" alt=\"\" srcset=\"https:\/\/www.dmctools.eu\/wp-content\/uploads\/2024\/05\/Technical-support-tool-selection-image-resized-01-1024x562.jpg 1024w, https:\/\/www.dmctools.eu\/wp-content\/uploads\/2024\/05\/Technical-support-tool-selection-image-resized-01-300x165.jpg 300w, https:\/\/www.dmctools.eu\/wp-content\/uploads\/2024\/05\/Technical-support-tool-selection-image-resized-01-768x421.jpg 768w, https:\/\/www.dmctools.eu\/wp-content\/uploads\/2024\/05\/Technical-support-tool-selection-image-resized-01-1536x842.jpg 1536w, https:\/\/www.dmctools.eu\/wp-content\/uploads\/2024\/05\/Technical-support-tool-selection-image-resized-01-18x10.jpg 18w, https:\/\/www.dmctools.eu\/wp-content\/uploads\/2024\/05\/Technical-support-tool-selection-image-resized-01.jpg 1900w\" sizes=\"(max-width: 800px) 100vw, 800px\" \/>\t\t\t\t\t\t\t\t\t\t\t\t\t\t\t<\/div>\n\t\t\t\t<\/div>\n\t\t\t\t\t<\/div>\n\t\t<\/div>\n\t\t\t\t<div class=\"elementor-column elementor-col-33 elementor-top-column elementor-element elementor-element-3790431\" data-id=\"3790431\" data-element_type=\"column\" data-e-type=\"column\">\n\t\t\t<div class=\"elementor-widget-wrap elementor-element-populated\">\n\t\t\t\t\t\t<div class=\"elementor-element elementor-element-f682b13 elementor-widget elementor-widget-image\" data-id=\"f682b13\" data-element_type=\"widget\" data-e-type=\"widget\" data-widget_type=\"image.default\">\n\t\t\t\t<div class=\"elementor-widget-container\">\n\t\t\t\t\t\t\t\t\t\t\t\t\t\t\t<img loading=\"lazy\" decoding=\"async\" width=\"450\" height=\"250\" src=\"https:\/\/www.dmctools.eu\/wp-content\/uploads\/2024\/06\/Comparable-Tooling-Image.png\" class=\"attachment-large size-large wp-image-5013\" alt=\"\" srcset=\"https:\/\/www.dmctools.eu\/wp-content\/uploads\/2024\/06\/Comparable-Tooling-Image.png 450w, https:\/\/www.dmctools.eu\/wp-content\/uploads\/2024\/06\/Comparable-Tooling-Image-300x167.png 300w, https:\/\/www.dmctools.eu\/wp-content\/uploads\/2024\/06\/Comparable-Tooling-Image-18x10.png 18w\" sizes=\"(max-width: 450px) 100vw, 450px\" \/>\t\t\t\t\t\t\t\t\t\t\t\t\t\t\t<\/div>\n\t\t\t\t<\/div>\n\t\t\t\t\t<\/div>\n\t\t<\/div>\n\t\t\t\t<div class=\"elementor-column elementor-col-33 elementor-top-column elementor-element elementor-element-589ab4e\" data-id=\"589ab4e\" data-element_type=\"column\" data-e-type=\"column\">\n\t\t\t<div class=\"elementor-widget-wrap elementor-element-populated\">\n\t\t\t\t\t\t<div class=\"elementor-element elementor-element-615e5e6 elementor-widget elementor-widget-image\" data-id=\"615e5e6\" data-element_type=\"widget\" data-e-type=\"widget\" data-widget_type=\"image.default\">\n\t\t\t\t<div class=\"elementor-widget-container\">\n\t\t\t\t\t\t\t\t\t\t\t\t\t\t\t<img loading=\"lazy\" decoding=\"async\" width=\"450\" height=\"250\" src=\"https:\/\/www.dmctools.eu\/wp-content\/uploads\/2024\/06\/Product-Training-Image.png\" class=\"attachment-large size-large wp-image-5011\" alt=\"\" srcset=\"https:\/\/www.dmctools.eu\/wp-content\/uploads\/2024\/06\/Product-Training-Image.png 450w, https:\/\/www.dmctools.eu\/wp-content\/uploads\/2024\/06\/Product-Training-Image-300x167.png 300w, https:\/\/www.dmctools.eu\/wp-content\/uploads\/2024\/06\/Product-Training-Image-18x10.png 18w\" sizes=\"(max-width: 450px) 100vw, 450px\" \/>\t\t\t\t\t\t\t\t\t\t\t\t\t\t\t<\/div>\n\t\t\t\t<\/div>\n\t\t\t\t\t<\/div>\n\t\t<\/div>\n\t\t\t\t\t<\/div>\n\t\t<\/section>\n\t\t\t\t<section class=\"elementor-section elementor-top-section elementor-element elementor-element-8db9fdd elementor-section-height-min-height elementor-section-boxed elementor-section-height-default elementor-section-items-middle\" data-id=\"8db9fdd\" data-element_type=\"section\" data-e-type=\"section\" data-settings=\"{&quot;background_background&quot;:&quot;classic&quot;}\">\n\t\t\t\t\t\t\t<div class=\"elementor-background-overlay\"><\/div>\n\t\t\t\t\t\t\t<div class=\"elementor-container elementor-column-gap-default\">\n\t\t\t\t\t<div class=\"elementor-column elementor-col-100 elementor-top-column elementor-element elementor-element-a31bc3c\" data-id=\"a31bc3c\" data-element_type=\"column\" data-e-type=\"column\">\n\t\t\t<div class=\"elementor-widget-wrap elementor-element-populated\">\n\t\t\t\t\t\t<div class=\"elementor-element elementor-element-37d4c03 elementor-widget__width-auto elementor-widget elementor-widget-heading\" data-id=\"37d4c03\" data-element_type=\"widget\" data-e-type=\"widget\" data-widget_type=\"heading.default\">\n\t\t\t\t<div class=\"elementor-widget-container\">\n\t\t\t\t\t<h2 class=\"elementor-heading-title elementor-size-default\">Wsparcie techniczne<\/h2>\t\t\t\t<\/div>\n\t\t\t\t<\/div>\n\t\t\t\t<section class=\"elementor-section elementor-inner-section elementor-element elementor-element-9c83a76 elementor-section-full_width elementor-section-height-default elementor-section-height-default\" data-id=\"9c83a76\" data-element_type=\"section\" data-e-type=\"section\">\n\t\t\t\t\t\t<div class=\"elementor-container elementor-column-gap-default\">\n\t\t\t\t\t<div class=\"elementor-column elementor-col-100 elementor-inner-column elementor-element elementor-element-400f835\" data-id=\"400f835\" data-element_type=\"column\" data-e-type=\"column\">\n\t\t\t<div class=\"elementor-widget-wrap elementor-element-populated\">\n\t\t\t\t\t\t<div class=\"elementor-element elementor-element-f15dd8d elementor-icon-list--layout-traditional elementor-list-item-link-full_width elementor-widget elementor-widget-icon-list\" data-id=\"f15dd8d\" data-element_type=\"widget\" data-e-type=\"widget\" data-widget_type=\"icon-list.default\">\n\t\t\t\t<div class=\"elementor-widget-container\">\n\t\t\t\t\t\t\t<ul class=\"elementor-icon-list-items\">\n\t\t\t\t\t\t\t<li class=\"elementor-icon-list-item\">\n\t\t\t\t\t\t\t\t\t\t\t<span class=\"elementor-icon-list-icon\">\n\t\t\t\t\t\t\t<i aria-hidden=\"true\" class=\"fas fa-angle-right\"><\/i>\t\t\t\t\t\t<\/span>\n\t\t\t\t\t\t\t\t\t\t<span class=\"elementor-icon-list-text\">Odniesienia do numer\u00f3w cz\u0119\u015bci<\/span>\n\t\t\t\t\t\t\t\t\t<\/li>\n\t\t\t\t\t\t\t\t<li class=\"elementor-icon-list-item\">\n\t\t\t\t\t\t\t\t\t\t\t<span class=\"elementor-icon-list-icon\">\n\t\t\t\t\t\t\t<i aria-hidden=\"true\" class=\"fas fa-angle-right\"><\/i>\t\t\t\t\t\t<\/span>\n\t\t\t\t\t\t\t\t\t\t<span class=\"elementor-icon-list-text\">Niestandardowe rozwi\u0105zania narz\u0119dziowe<\/span>\n\t\t\t\t\t\t\t\t\t<\/li>\n\t\t\t\t\t\t\t\t<li class=\"elementor-icon-list-item\">\n\t\t\t\t\t\t\t\t\t\t\t<span class=\"elementor-icon-list-icon\">\n\t\t\t\t\t\t\t<i aria-hidden=\"true\" class=\"fas fa-angle-right\"><\/i>\t\t\t\t\t\t<\/span>\n\t\t\t\t\t\t\t\t\t\t<span class=\"elementor-icon-list-text\">Szkolenie produktowe na miejscu<\/span>\n\t\t\t\t\t\t\t\t\t<\/li>\n\t\t\t\t\t\t\t\t<li class=\"elementor-icon-list-item\">\n\t\t\t\t\t\t\t\t\t\t\t<span class=\"elementor-icon-list-icon\">\n\t\t\t\t\t\t\t<i aria-hidden=\"true\" class=\"fas fa-angle-right\"><\/i>\t\t\t\t\t\t<\/span>\n\t\t\t\t\t\t\t\t\t\t<span class=\"elementor-icon-list-text\">Optymalizacja operacji<\/span>\n\t\t\t\t\t\t\t\t\t<\/li>\n\t\t\t\t\t\t<\/ul>\n\t\t\t\t\t\t<\/div>\n\t\t\t\t<\/div>\n\t\t\t\t\t<\/div>\n\t\t<\/div>\n\t\t\t\t\t<\/div>\n\t\t<\/section>\n\t\t\t\t\t<\/div>\n\t\t<\/div>\n\t\t\t\t\t<\/div>\n\t\t<\/section>\n\t\t\t\t<section class=\"elementor-section elementor-top-section elementor-element elementor-element-ab3bf09 elementor-section-boxed elementor-section-height-default elementor-section-height-default\" data-id=\"ab3bf09\" data-element_type=\"section\" data-e-type=\"section\" data-settings=\"{&quot;background_background&quot;:&quot;classic&quot;}\">\n\t\t\t\t\t\t<div class=\"elementor-container elementor-column-gap-default\">\n\t\t\t\t\t<div class=\"elementor-column elementor-col-100 elementor-top-column elementor-element elementor-element-3030357\" data-id=\"3030357\" data-element_type=\"column\" data-e-type=\"column\">\n\t\t\t<div class=\"elementor-widget-wrap elementor-element-populated\">\n\t\t\t\t\t\t<div class=\"elementor-element elementor-element-f055e2d elementor-icon-list--layout-inline elementor-align-center elementor-mobile-align-start elementor-list-item-link-full_width elementor-widget elementor-widget-icon-list\" data-id=\"f055e2d\" data-element_type=\"widget\" data-e-type=\"widget\" data-widget_type=\"icon-list.default\">\n\t\t\t\t<div class=\"elementor-widget-container\">\n\t\t\t\t\t\t\t<ul class=\"elementor-icon-list-items elementor-inline-items\">\n\t\t\t\t\t\t\t<li class=\"elementor-icon-list-item elementor-inline-item\">\n\t\t\t\t\t\t\t\t\t\t\t<span class=\"elementor-icon-list-icon\">\n\t\t\t\t\t\t\t<i aria-hidden=\"true\" class=\"fas fa-star\"><\/i>\t\t\t\t\t\t<\/span>\n\t\t\t\t\t\t\t\t\t\t<span class=\"elementor-icon-list-text\"><\/span>\n\t\t\t\t\t\t\t\t\t<\/li>\n\t\t\t\t\t\t\t\t<li class=\"elementor-icon-list-item elementor-inline-item\">\n\t\t\t\t\t\t\t\t\t\t\t<span class=\"elementor-icon-list-icon\">\n\t\t\t\t\t\t\t<i aria-hidden=\"true\" class=\"fas fa-star\"><\/i>\t\t\t\t\t\t<\/span>\n\t\t\t\t\t\t\t\t\t\t<span class=\"elementor-icon-list-text\"><\/span>\n\t\t\t\t\t\t\t\t\t<\/li>\n\t\t\t\t\t\t\t\t<li class=\"elementor-icon-list-item elementor-inline-item\">\n\t\t\t\t\t\t\t\t\t\t\t<span class=\"elementor-icon-list-icon\">\n\t\t\t\t\t\t\t<i aria-hidden=\"true\" class=\"fas fa-star\"><\/i>\t\t\t\t\t\t<\/span>\n\t\t\t\t\t\t\t\t\t\t<span class=\"elementor-icon-list-text\"><\/span>\n\t\t\t\t\t\t\t\t\t<\/li>\n\t\t\t\t\t\t\t\t<li class=\"elementor-icon-list-item elementor-inline-item\">\n\t\t\t\t\t\t\t\t\t\t\t<span class=\"elementor-icon-list-icon\">\n\t\t\t\t\t\t\t<i aria-hidden=\"true\" class=\"fas fa-star\"><\/i>\t\t\t\t\t\t<\/span>\n\t\t\t\t\t\t\t\t\t\t<span class=\"elementor-icon-list-text\"><\/span>\n\t\t\t\t\t\t\t\t\t<\/li>\n\t\t\t\t\t\t\t\t<li class=\"elementor-icon-list-item elementor-inline-item\">\n\t\t\t\t\t\t\t\t\t\t\t<span class=\"elementor-icon-list-icon\">\n\t\t\t\t\t\t\t<i aria-hidden=\"true\" class=\"fas fa-star\"><\/i>\t\t\t\t\t\t<\/span>\n\t\t\t\t\t\t\t\t\t\t<span class=\"elementor-icon-list-text\"><\/span>\n\t\t\t\t\t\t\t\t\t<\/li>\n\t\t\t\t\t\t<\/ul>\n\t\t\t\t\t\t<\/div>\n\t\t\t\t<\/div>\n\t\t\t\t\t<\/div>\n\t\t<\/div>\n\t\t\t\t\t<\/div>\n\t\t<\/section>\n\t\t\t\t<section class=\"elementor-section elementor-top-section elementor-element elementor-element-e7fcf67 elementor-section-boxed elementor-section-height-default elementor-section-height-default\" data-id=\"e7fcf67\" data-element_type=\"section\" data-e-type=\"section\">\n\t\t\t\t\t\t<div class=\"elementor-container elementor-column-gap-default\">\n\t\t\t\t\t<div class=\"elementor-column elementor-col-100 elementor-top-column elementor-element elementor-element-3b8bbcb\" data-id=\"3b8bbcb\" data-element_type=\"column\" data-e-type=\"column\">\n\t\t\t<div class=\"elementor-widget-wrap elementor-element-populated\">\n\t\t\t\t\t\t<div class=\"elementor-element elementor-element-86a7d28 elementor-widget elementor-widget-shortcode\" data-id=\"86a7d28\" data-element_type=\"widget\" data-e-type=\"widget\" data-widget_type=\"shortcode.default\">\n\t\t\t\t<div class=\"elementor-widget-container\">\n\t\t\t\t\t\t\t<div class=\"elementor-shortcode\">\t\t<div data-elementor-type=\"section\" data-elementor-id=\"931\" class=\"elementor elementor-931\" data-elementor-post-type=\"elementor_library\">\n\t\t\t\t\t<section class=\"elementor-section elementor-top-section elementor-element elementor-element-44df09a0 elementor-section-boxed elementor-section-height-default elementor-section-height-default\" data-id=\"44df09a0\" data-element_type=\"section\" data-e-type=\"section\">\n\t\t\t\t\t\t<div class=\"elementor-container elementor-column-gap-default\">\n\t\t\t\t\t<div class=\"elementor-column elementor-col-100 elementor-top-column elementor-element elementor-element-3c8de87d\" data-id=\"3c8de87d\" data-element_type=\"column\" data-e-type=\"column\" data-settings=\"{&quot;background_background&quot;:&quot;classic&quot;}\">\n\t\t\t<div class=\"elementor-widget-wrap elementor-element-populated\">\n\t\t\t\t\t\t<div class=\"elementor-element elementor-element-4d5b7c15 elementor-position-inline-start elementor-view-default elementor-mobile-position-block-start elementor-widget elementor-widget-icon-box\" data-id=\"4d5b7c15\" data-element_type=\"widget\" data-e-type=\"widget\" data-widget_type=\"icon-box.default\">\n\t\t\t\t<div class=\"elementor-widget-container\">\n\t\t\t\t\t\t\t<div class=\"elementor-icon-box-wrapper\">\n\n\t\t\t\t\t\t<div class=\"elementor-icon-box-icon\">\n\t\t\t\t<span  class=\"elementor-icon\">\n\t\t\t\t<svg xmlns=\"http:\/\/www.w3.org\/2000\/svg\" xmlns:xlink=\"http:\/\/www.w3.org\/1999\/xlink\" id=\"outline\" x=\"0px\" y=\"0px\" viewbox=\"0 0 264.9 378.3\" style=\"enable-background:new 0 0 264.9 378.3;\" xml:space=\"preserve\"><style type=\"text\/css\">\t.st0{fill:none;stroke:#FFFFFF;stroke-width:12;stroke-linecap:round;stroke-linejoin:round;stroke-miterlimit:10;}<\/style><g>\t<path class=\"st0\" d=\"M223.8,163.3v-18.4v-10V99.6c0-50.3-41.2-91.5-91.5-91.5c-18.5,0-35.8,5.6-50.3,15.1\"><\/path>\t<path class=\"st0\" d=\"M58.6,45.4c-11.2,15.2-17.9,34-17.9,54.2v35.3v28.4\"><\/path>\t<path class=\"st0\" d=\"M166.1,224.1h7.6c45.8,0,83,37.2,83,83v27.8c0,7.6-5.7,14-13.3,14.9l-29,3.4c-7.9,0.9-15.7,3-23.1,6   c-19,8-39.2,11.9-59.4,11.9c-20.1,0-40.2-3.9-59.1-11.8l-0.2-0.1c-7.7-3.2-15.8-5.3-24.1-6.3L21,349.8c-7.6-0.9-13.3-7.3-13.3-14.9   v-27.8c0-45.8,37.2-83,83-83h7.6\"><\/path>\t<path class=\"st0\" d=\"M166.1,204.9v18.9c0,18.6-15.2,33.9-33.9,33.9s-33.9-15.2-33.9-33.9v-18.9\"><\/path>\t<path class=\"st0\" d=\"M71.3,118l0,0.2l0.4,11.2l1,28.6c0.5,16.1,7.4,30.4,18.2,40.8c2.3,2.3,4.9,4.3,7.5,6.2   c9.6,6.7,21.3,10.6,33.9,10.6c12.6,0,24.2-3.9,33.9-10.6c13.1-9,22.4-23.2,25-39.6c0.4-2.4,0.6-4.9,0.7-7.4l1-28.6l0.3-7.8\"><\/path>\t<path class=\"st0\" d=\"M71.3,118.2c39.1-1.6,70.3-25.9,84.8-60.1c32.8,23.4,31,43.8,37,63.5c14.4-19.6,11.6-58.7,1.5-74.2   c-8.4-12.8-23.7-17-23.7-17c-21.8-5.3-44.1,2.5-55.1,7.5c-4.6,2.1-9.9,1.6-14-1.4L85.9,25.3c-5.9-4.4-14.3-3.1-18.6,3   c-5.4,7.8-10.7,19.4-12.8,33.4c-4.9,32.9,16.9,56.4,16.9,56.4\"><\/path>\t<path class=\"st0\" d=\"M56.7,181.8L56.7,181.8c8.8,0,16-7.2,16-16v-30.9c0-8.8-7.2-16-16-16h0c-8.8,0-16,7.2-16,16v30.9   C40.7,174.6,47.9,181.8,56.7,181.8z\"><\/path>\t<path class=\"st0\" d=\"M207.8,181.8L207.8,181.8c8.8,0,16-7.2,16-16v-30.9c0-8.8-7.2-16-16-16h0c-8.8,0-16,7.2-16,16v30.9   C191.8,174.6,199,181.8,207.8,181.8z\"><\/path>\t<path class=\"st0\" d=\"M139,183.8h7.5c3.1,0,5.6-2.5,5.6-5.6v0c0-3.1-2.5-5.6-5.6-5.6H139c-3.1,0-5.6,2.5-5.6,5.6v0   C133.4,181.2,135.9,183.8,139,183.8z\"><\/path>\t<path class=\"st0\" d=\"M151.6,178.1l15.5-2.3c6.4-0.9,12.5-3.2,18-6.7c13.7-8.8,38.9-24.4,38.9-24.4\"><\/path>\t<path class=\"st0\" d=\"M184.7,325.9L184.7,325.9c11.8,0,21.4-9.6,21.4-21.4v-21.4h-42.8v21.4C163.4,316.3,172.9,325.9,184.7,325.9z\"><\/path><\/g><\/svg>\t\t\t\t<\/span>\n\t\t\t<\/div>\n\t\t\t\n\t\t\t\t\t\t<div class=\"elementor-icon-box-content\">\n\n\t\t\t\t\t\t\t\t\t<h3 class=\"elementor-icon-box-title\">\n\t\t\t\t\t\t<span  >\n\t\t\t\t\t\t\tPopro\u015b o wsparcie ju\u017c dzi\u015b\t\t\t\t\t\t<\/span>\n\t\t\t\t\t<\/h3>\n\t\t\t\t\n\t\t\t\t\t\t\t\t\t<p class=\"elementor-icon-box-description\">\n\t\t\t\t\t\tNasz zesp\u00f3\u0142 jest tutaj, aby pom\u00f3c! Od wsparcia technicznego po spersonalizowane zasoby i prezentacje na miejscu - mamy wszystko, czego potrzebujesz.\t\t\t\t\t<\/p>\n\t\t\t\t\n\t\t\t<\/div>\n\t\t\t\n\t\t<\/div>\n\t\t\t\t\t\t<\/div>\n\t\t\t\t<\/div>\n\t\t\t\t<div class=\"elementor-element elementor-element-6932e13e elementor-align-left elementor-mobile-align-justify elementor-tablet-align-left elementor-widget elementor-widget-button\" data-id=\"6932e13e\" data-element_type=\"widget\" data-e-type=\"widget\" data-widget_type=\"button.default\">\n\t\t\t\t<div class=\"elementor-widget-container\">\n\t\t\t\t\t\t\t\t\t<div class=\"elementor-button-wrapper\">\n\t\t\t\t\t<a class=\"elementor-button elementor-button-link elementor-size-sm\" href=\"\/pl\/contact\/\">\n\t\t\t\t\t\t<span class=\"elementor-button-content-wrapper\">\n\t\t\t\t\t\t\t\t\t<span class=\"elementor-button-text\">Kontakt<\/span>\n\t\t\t\t\t<\/span>\n\t\t\t\t\t<\/a>\n\t\t\t\t<\/div>\n\t\t\t\t\t\t\t\t<\/div>\n\t\t\t\t<\/div>\n\t\t\t\t\t<\/div>\n\t\t<\/div>\n\t\t\t\t\t<\/div>\n\t\t<\/section>\n\t\t\t\t<\/div>\n\t\t<\/div>\n\t\t\t\t\t\t<\/div>\n\t\t\t\t<\/div>\n\t\t\t\t\t<\/div>\n\t\t<\/div>\n\t\t\t\t\t<\/div>\n\t\t<\/section>\n\t\t\t\t<\/div>","protected":false},"excerpt":{"rendered":"<p>Technical support Tool Selection Work with our team or use our Tool Selection Search to find the right tool for the job.\u00a0 Comparable Tooling Our technical research team can help you find comparable tooling options.\u00a0Contact us to learn more. Product Training We are available to provide onsite training and technical support. Schedule a visit today.\u00a0 [&hellip;]<\/p>\n","protected":false},"author":1,"featured_media":0,"parent":0,"menu_order":0,"comment_status":"closed","ping_status":"closed","template":"","meta":{"footnotes":""},"class_list":["post-43","page","type-page","status-publish","hentry"],"_links":{"self":[{"href":"https:\/\/www.dmctools.eu\/pl\/wp-json\/wp\/v2\/pages\/43","targetHints":{"allow":["GET"]}}],"collection":[{"href":"https:\/\/www.dmctools.eu\/pl\/wp-json\/wp\/v2\/pages"}],"about":[{"href":"https:\/\/www.dmctools.eu\/pl\/wp-json\/wp\/v2\/types\/page"}],"author":[{"embeddable":true,"href":"https:\/\/www.dmctools.eu\/pl\/wp-json\/wp\/v2\/users\/1"}],"replies":[{"embeddable":true,"href":"https:\/\/www.dmctools.eu\/pl\/wp-json\/wp\/v2\/comments?post=43"}],"version-history":[{"count":117,"href":"https:\/\/www.dmctools.eu\/pl\/wp-json\/wp\/v2\/pages\/43\/revisions"}],"predecessor-version":[{"id":5413,"href":"https:\/\/www.dmctools.eu\/pl\/wp-json\/wp\/v2\/pages\/43\/revisions\/5413"}],"wp:attachment":[{"href":"https:\/\/www.dmctools.eu\/pl\/wp-json\/wp\/v2\/media?parent=43"}],"curies":[{"name":"wp","href":"https:\/\/api.w.org\/{rel}","templated":true}]}}