{"id":53,"date":"2021-10-19T22:03:35","date_gmt":"2021-10-19T20:03:35","guid":{"rendered":"https:\/\/neu.mcd-tools.de\/?page_id=53"},"modified":"2026-03-27T09:29:25","modified_gmt":"2026-03-27T08:29:25","slug":"dataprotection","status":"publish","type":"page","link":"https:\/\/www.dmctools.eu\/it\/dataprotection\/","title":{"rendered":"Protezione dei dati"},"content":{"rendered":"<div data-elementor-type=\"wp-page\" data-elementor-id=\"53\" class=\"elementor elementor-53\" data-elementor-post-type=\"page\">\n\t\t\t\t\t\t<section class=\"elementor-section elementor-top-section elementor-element elementor-element-1f9a40b elementor-section-boxed elementor-section-height-default elementor-section-height-default\" data-id=\"1f9a40b\" data-element_type=\"section\" data-e-type=\"section\">\n\t\t\t\t\t\t<div class=\"elementor-container elementor-column-gap-default\">\n\t\t\t\t\t<div class=\"elementor-column elementor-col-100 elementor-top-column elementor-element elementor-element-0f4f422\" data-id=\"0f4f422\" data-element_type=\"column\" data-e-type=\"column\">\n\t\t\t<div class=\"elementor-widget-wrap elementor-element-populated\">\n\t\t\t\t\t\t<div class=\"elementor-element elementor-element-b3a49f2 elementor-widget elementor-widget-text-editor\" data-id=\"b3a49f2\" data-element_type=\"widget\" data-e-type=\"widget\" data-widget_type=\"text-editor.default\">\n\t\t\t\t<div class=\"elementor-widget-container\">\n\t\t\t\t\t\t\t\t\t<h2>Protezione dei dati - Informativa sulla privacy<\/h2><h3>1. Protezione dei dati<\/h3><h4>Informazioni generali<\/h4><p>Le seguenti informazioni forniscono una semplice panoramica di ci\u00f2 che accade ai vostri dati personali quando visitate questo sito web. Per dati personali si intendono tutti i dati che possono essere utilizzati per identificare personalmente l'utente.<\/p><p>Informazioni dettagliate sono disponibili nelle sezioni seguenti della presente protezione dei dati.<\/p><h4>Chi \u00e8 responsabile della raccolta dei dati su questo sito?<\/h4><p>Il trattamento dei dati su questo sito web viene effettuato dal gestore del sito. I dati di contatto si trovano alla voce \u201cEnte responsabile\u201d.\u201d<\/p><h4>Come raccogliamo i vostri dati?<\/h4><p>Da un lato, i vostri dati vengono raccolti quando ce li fornite (ad esempio, quando vi registrate, effettuate un ordine o ci contattate). <br \/>Altri dati vengono raccolti automaticamente dai nostri sistemi informatici quando visitate il sito web (ad esempio, dati tecnici).<\/p><h4>Per cosa utilizziamo i dati?<\/h4><p>Per la fornitura del negozio online, per l'elaborazione dei contratti, per il servizio clienti e per l'ottimizzazione tecnica del sito web.<\/p><h4>Quali diritti avete sui vostri dati?<\/h4><p>L'utente ha il diritto di accesso, rettifica, cancellazione, limitazione del trattamento, portabilit\u00e0 dei dati e reclamo presso l'autorit\u00e0 di controllo.<\/p><h3>\u00a0<\/h3><h3>2. Organismo responsabile<\/h3><p>DMC Europe GmbH<br \/>In der Au 29<br \/>61440 Oberursel<br \/>Germania<br \/>Telefono: +49 6171 27791-91<br \/>Email: info@dmctools.eu<\/p><p>L'organo responsabile \u00e8 la persona giuridica che decide le finalit\u00e0 e i mezzi del trattamento.<\/p><p>\u00a0<\/p><h3>3. Responsabile della protezione dei dati<\/h3><p>Il nostro responsabile della protezione dei dati \u00e8<\/p><p>heyData GmbH<br \/>Sch\u00fctzenstra\u00dfe 5<br \/>10117 Berlino www.heydata.eu<br \/>datenschutz@heydata.eu<\/p><p>\u00a0<\/p><h3>4. Ospitalit\u00e0<\/h3><h4>ePagine<\/h4><p>Il nostro negozio online \u00e8 gestito dal sistema di shop ePages. ePages tratta i dati personali per nostro conto.<br \/>Il trattamento viene effettuato sulla base di un accordo di trattamento dei dati ai sensi dell'Art. 28 GDPR.<br \/>I dati elaborati possono includere, in particolare:<br \/>- Dati di inventario<br \/>- Dettagli di contatto<br \/>- Dati dell'ordine<br \/>- Dati di utilizzo<br \/>- Indirizzi IP<\/p><p><strong>Hosting<\/strong><br \/>Il sito web \u00e8 ospitato da un fornitore di servizi esterno:<\/p><p>Alfahosting GmbH<br \/>Ankerstra\u00dfe 3b<br \/>06108 Halle (Saale)<\/p><p>Il trattamento viene effettuato sulla base dell'Art. 6 (1) lit. b e f GDPR.<\/p><h3>\u00a0<\/h3><h3>5. Conto cliente<\/h3><p>\u00c8 possibile creare un account cliente. Nel farlo, elaboriamo in particolare:<\/p><ul><li>Nome<\/li><li>Nome della societ\u00e0<\/li><li>Indirizzo<\/li><li>Indirizzo e-mail<\/li><li>Dati di accesso<\/li><li>Cronologia degli ordini<\/li><\/ul><p>Il trattamento viene effettuato ai fini dell'esecuzione del contratto ai sensi dell'Art. 6 (1) lit. b GDPR.<\/p><p>\u00c8 possibile cancellare il proprio account cliente in qualsiasi momento.<\/p><h3>\u00a0<\/h3><h3>6. Elaborazione dell'ordine<\/h3><p>Per elaborare i vostri ordini, elaboriamo:<\/p><ul><li>Indirizzo di fatturazione e consegna<\/li><li>Dettagli di contatto<\/li><li>Dettagli dell'ordine<\/li><li>Stato del pagamento<\/li><li>Il trattamento viene effettuato sulla base dell'Art. 6 (1) (b) GDPR.<\/li><\/ul><h3>\u00a0<\/h3><h3>7. Elaborazione dei pagamenti (Saferpay)<\/h3><p>Per l'elaborazione dei pagamenti utilizziamo il fornitore di servizi di pagamento Saferpay (Worldline Schweiz AG).<br \/>Durante le operazioni di pagamento, i dati di pagamento vengono trasmessi direttamente a Saferpay. Non riceviamo informazioni complete sul pagamento.<br \/>In particolare vengono trattati i seguenti dati:<\/p><ul><li>Importo del pagamento<\/li><li>Dati di transazione<\/li><li>Indirizzo IP<\/li><li>Metodo di pagamento<br \/>Base giuridica: Art. 6 (1) (b) GDPR.<\/li><\/ul><h3>\u00a0<\/h3><h3>8. Fornitori di servizi di spedizione<\/h3><p>Per la consegna dei vostri ordini collaboriamo con i seguenti fornitori di servizi di spedizione:<\/p><ul><li>DHL<\/li><li>UPS<\/li><li>FedEx<\/li><li>TNT<\/li><li>DPD<\/li><\/ul><p>Ad essi vengono trasmessi i seguenti dati:<\/p><ul><li>Nome<\/li><li>Indirizzo di consegna<\/li><li>Indirizzo e-mail (se applicabile)<\/li><li>Numero di telefono (se applicabile)<\/li><\/ul><p>Base giuridica: Art. 6 (1) lit. b GDPR.<\/p><h3>\u00a0<\/h3><h3>9. Sistema di gestione delle merci (Sage 100)<\/h3><p>Utilizziamo il sistema ERP Sage 100 per l'elaborazione di ordini, fatture e contabilit\u00e0.<br \/>In particolare, vengono trattati i dati relativi a clienti, ordini e fatture.<br \/>Base giuridica: Art. 6 (1) (b) e (c) GDPR.<\/p><h3>\u00a0<\/h3><h3>10. Modulo di contatto<\/h3><p>Se ci contattate tramite il modulo di contatto, i vostri dati saranno memorizzati allo scopo di elaborare la vostra richiesta.<\/p><ul><li>Dati elaborati:<\/li><li>Nome<\/li><li>Indirizzo e-mail<\/li><li>Messaggio<\/li><\/ul><p>Base giuridica: Art. 6 (1) (b) o (f) GDPR.<\/p><h3>\u00a0<\/h3><h3>11. I biscotti<\/h3><p>Il nostro sito web utilizza solo i cookie tecnicamente necessari per il funzionamento del negozio online.<br \/>Questi cookie servono, tra l'altro, a<\/p><ul><li>la funzione carrello della spesa<\/li><li>la funzione di login<\/li><li>controllo della sessione<\/li><\/ul><p>Base giuridica: Art. 6 (1) lit. f GDPR.<\/p><h3>\u00a0<\/h3><h3>12. Periodo di stoccaggio<\/h3><p>Conserviamo i dati personali solo per il tempo necessario a soddisfare i rispettivi scopi o per i periodi di conservazione previsti dalla legge.<br \/>I documenti aziendali vengono conservati per un massimo di 10 anni, in conformit\u00e0 ai requisiti commerciali e fiscali.<\/p><h3>\u00a0<\/h3><h3>13. Divulgazione dei dati<\/h3><p>I vostri dati saranno divulgati esclusivamente:<\/p><ul><li>per l'elaborazione del contratto<\/li><li>a causa di obblighi legali<\/li><li>ai processori<\/li><\/ul><p>I dati vengono trasferiti alle nostre societ\u00e0 affiliate presso la nostra casa madre con sede negli Stati Uniti come parte di un sistema CRM di marketing a livello aziendale.<br \/>L'accesso avviene ai fini del marketing di gruppo, della gestione dei contatti e della reportistica.<br \/>Esiste una responsabilit\u00e0 congiunta ai sensi dell'art. 26 GDPR. Su richiesta, forniremo i contenuti essenziali dell'accordo.<br \/>I dati personali vengono trasferiti negli Stati Uniti. Ci\u00f2 avviene sulla base di adeguate garanzie ai sensi degli artt. 44 e segg. GDPR.<\/p><h3>14. I vostri diritti<\/h3><p>L'utente ha i seguenti diritti:<\/p><ul><li>Informazioni (Art. 15 GDPR)<\/li><li>Rettifica (art. 16 GDPR)<\/li><li>Cancellazione (art. 17 GDPR)<\/li><li>Restrizione (art. 18 GDPR)<\/li><li>Portabilit\u00e0 dei dati (art. 20 GDPR)<\/li><li>Obiezione (Art. 21 GDPR)<\/li><\/ul><p>Si prega di indirizzare qualsiasi richiesta all'ente responsabile sopra menzionato.<\/p><h3>15. Revoca del consenso<\/h3><p>Potete revocare il vostro consenso in qualsiasi momento con effetto per il futuro.<\/p><h3>\u00a0<\/h3><h3>16. Diritto di presentare un reclamo<\/h3><p>Avete il diritto di presentare un reclamo a un'autorit\u00e0 di controllo della protezione dei dati.<br \/>L'autorit\u00e0 di controllo responsabile \u00e8, in particolare, l'autorit\u00e0 di controllo del vostro luogo di residenza o di lavoro.<\/p><h3>\u00a0<\/h3><h3>17. Crittografia SSL\/TLS<\/h3><p>Questo sito web utilizza la crittografia SSL o TLS per motivi di sicurezza.<\/p><h3>\u00a0<\/h3><h3>18. Obiezione alle e-mail pubblicitarie<\/h3><p>Ci opponiamo all'utilizzo dei dati di contatto pubblicati nell'imprinting per l'invio di pubblicit\u00e0 non richiesta.<\/p><h3>\u00a0<\/h3><h3>19. Stato e aggiornamenti<\/h3><p>La presente informativa sulla privacy \u00e8 aggiornata al gennaio 2026.<br \/>Ci riserviamo il diritto di modificare la presente informativa sulla privacy se necessario.<\/p>\t\t\t\t\t\t\t\t<\/div>\n\t\t\t\t<\/div>\n\t\t\t\t\t<\/div>\n\t\t<\/div>\n\t\t\t\t\t<\/div>\n\t\t<\/section>\n\t\t\t\t<\/div>","protected":false},"excerpt":{"rendered":"<p>Data Protection &#8211; Privacy Policy 1. Data Protection General Information The following information provides a simple overview of what happens to your personal data when you visit this website. Personal data is any data that can be used to personally identify you personally. Detailed information can be found in the following sections of this data [&hellip;]<\/p>\n","protected":false},"author":1,"featured_media":0,"parent":0,"menu_order":0,"comment_status":"closed","ping_status":"closed","template":"","meta":{"footnotes":""},"class_list":["post-53","page","type-page","status-publish","hentry"],"_links":{"self":[{"href":"https:\/\/www.dmctools.eu\/it\/wp-json\/wp\/v2\/pages\/53","targetHints":{"allow":["GET"]}}],"collection":[{"href":"https:\/\/www.dmctools.eu\/it\/wp-json\/wp\/v2\/pages"}],"about":[{"href":"https:\/\/www.dmctools.eu\/it\/wp-json\/wp\/v2\/types\/page"}],"author":[{"embeddable":true,"href":"https:\/\/www.dmctools.eu\/it\/wp-json\/wp\/v2\/users\/1"}],"replies":[{"embeddable":true,"href":"https:\/\/www.dmctools.eu\/it\/wp-json\/wp\/v2\/comments?post=53"}],"version-history":[{"count":69,"href":"https:\/\/www.dmctools.eu\/it\/wp-json\/wp\/v2\/pages\/53\/revisions"}],"predecessor-version":[{"id":6705,"href":"https:\/\/www.dmctools.eu\/it\/wp-json\/wp\/v2\/pages\/53\/revisions\/6705"}],"wp:attachment":[{"href":"https:\/\/www.dmctools.eu\/it\/wp-json\/wp\/v2\/media?parent=53"}],"curies":[{"name":"wp","href":"https:\/\/api.w.org\/{rel}","templated":true}]}}