{"id":51,"date":"2021-10-19T22:03:26","date_gmt":"2021-10-19T20:03:26","guid":{"rendered":"https:\/\/neu.mcd-tools.de\/?page_id=51"},"modified":"2025-03-25T16:29:26","modified_gmt":"2025-03-25T15:29:26","slug":"imprint","status":"publish","type":"page","link":"https:\/\/www.dmctools.eu\/it\/imprint\/","title":{"rendered":"Impronta"},"content":{"rendered":"<div data-elementor-type=\"wp-page\" data-elementor-id=\"51\" class=\"elementor elementor-51\" data-elementor-post-type=\"page\">\n\t\t\t\t\t\t<section class=\"elementor-section elementor-top-section elementor-element elementor-element-825fa50 elementor-section-boxed elementor-section-height-default elementor-section-height-default\" data-id=\"825fa50\" data-element_type=\"section\" data-e-type=\"section\">\n\t\t\t\t\t\t<div class=\"elementor-container elementor-column-gap-default\">\n\t\t\t\t\t<div class=\"elementor-column elementor-col-100 elementor-top-column elementor-element elementor-element-2440e53\" data-id=\"2440e53\" data-element_type=\"column\" data-e-type=\"column\">\n\t\t\t<div class=\"elementor-widget-wrap elementor-element-populated\">\n\t\t\t\t\t\t<div class=\"elementor-element elementor-element-740d57a elementor-widget elementor-widget-text-editor\" data-id=\"740d57a\" data-element_type=\"widget\" data-e-type=\"widget\" data-widget_type=\"text-editor.default\">\n\t\t\t\t<div class=\"elementor-widget-container\">\n\t\t\t\t\t\t\t\t\t<h2>Impronta<\/h2><h3>Secondo il \u00a7 5 TMG<\/h3><p>DMC Europe GmbH<\/p><p>In der Au 29<\/p><p>61440 Oberursel, Germania<\/p><h3>Rappresentato da<\/h3><p><span style=\"background-color: var( --e-global-color-ea94f85 );\">DMC Europe<\/span>\u00a0GmbH \u00e8 rappresentata da Niko Mau.<\/p><h3>Contatto<\/h3><p>Telefono: +49 6171 27791-91<\/p><p>Fax: +49 6171 27791-99<\/p><p>E-mail: <a href=\"mailto:info@dmctools.eu\">info@dmctools.eu<\/a><\/p><h3>Registrazione\u00a0<\/h3><p>Iscrizione nel registro delle imprese.<\/p><p>Tribunale di registrazione: Tribunale di Bad Homburg<\/p><p>Numero di registrazione: HRB 11089<\/p><h3>Imposta sul valore aggiunto\u00a0<\/h3><p>Numero di identificazione dell'imposta sulle vendite ai sensi della sezione 27a della legge sull'imposta sulle vendite.<\/p><p>DE261108359<\/p><h3>Risoluzione delle controversie\u00a0<\/h3><p>Non siamo disposti o obbligati a partecipare a procedure di risoluzione delle controversie davanti a un collegio arbitrale dei consumatori.<\/p><h3>Responsabilit\u00e0 per i contenuti\u00a0<\/h3><p>In qualit\u00e0 di fornitore di servizi, siamo responsabili dei nostri contenuti su queste pagine in conformit\u00e0 alle leggi generali, ai sensi dell'articolo 7, paragrafo 1, del TMG. Tuttavia, ai sensi degli articoli da 8 a 10 del TMG, in qualit\u00e0 di fornitore di servizi non siamo obbligati a monitorare le informazioni trasmesse o memorizzate da terzi o a indagare su circostanze che indicano un'attivit\u00e0 illegale.<\/p><p>Gli obblighi di rimuovere o bloccare l'uso delle informazioni in conformit\u00e0 con la legge generale rimangono inalterati. Tuttavia, la responsabilit\u00e0 in questo senso \u00e8 possibile solo a partire dal momento in cui si viene a conoscenza di una specifica violazione legale. Nel caso in cui venissimo a conoscenza di violazioni legali corrispondenti, provvederemo a rimuovere immediatamente tali contenuti.<\/p><h3>Responsabilit\u00e0 per i link<\/h3><p>La nostra offerta contiene link a siti web esterni di terzi sui cui contenuti non abbiamo alcuna influenza. Non ci assumiamo pertanto alcuna responsabilit\u00e0 per questi contenuti esterni. Il rispettivo fornitore o gestore delle pagine \u00e8 sempre responsabile del contenuto delle pagine collegate. Le pagine collegate sono state controllate per verificare la presenza di eventuali violazioni legali al momento del collegamento. I contenuti illegali non erano evidenti al momento del collegamento.<\/p><p>Tuttavia, il controllo permanente del contenuto delle pagine collegate \u00e8 irragionevole senza prove concrete di una violazione legale. Qualora venissimo a conoscenza di violazioni legali, provvederemo a rimuovere immediatamente tali link.<\/p><h3>Copyright\u00a0<\/h3><p>I contenuti e le opere presenti in queste pagine creati dai gestori del sito sono soggetti alla legge tedesca sul diritto d'autore. La riproduzione, l'elaborazione, la distribuzione e qualsiasi tipo di sfruttamento al di fuori dei limiti del copyright richiedono il consenso scritto del rispettivo autore o creatore. Download e copie di questa pagina sono consentiti solo per uso privato e non commerciale.<\/p><p>Se il contenuto di questo sito non \u00e8 stato creato dal gestore, i diritti d'autore di terzi sono rispettati, in particolare i contenuti di terzi sono contrassegnati come tali. Se tuttavia doveste venire a conoscenza di una violazione del copyright, vi chiediamo di comunicarcelo. Qualora venissimo a conoscenza di violazioni di legge, provvederemo a rimuovere immediatamente tali contenuti.<\/p>\t\t\t\t\t\t\t\t<\/div>\n\t\t\t\t<\/div>\n\t\t\t\t<div class=\"elementor-element elementor-element-79bf9cb elementor-widget elementor-widget-heading\" data-id=\"79bf9cb\" data-element_type=\"widget\" data-e-type=\"widget\" data-widget_type=\"heading.default\">\n\t\t\t\t<div class=\"elementor-widget-container\">\n\t\t\t\t\t<h3 class=\"elementor-heading-title elementor-size-default\">Concetto e implementazione<\/h3>\t\t\t\t<\/div>\n\t\t\t\t<\/div>\n\t\t\t\t<div class=\"elementor-element elementor-element-6019f89 elementor-position-left elementor-vertical-align-bottom elementor-widget elementor-widget-image-box\" data-id=\"6019f89\" data-element_type=\"widget\" data-e-type=\"widget\" data-widget_type=\"image-box.default\">\n\t\t\t\t<div class=\"elementor-widget-container\">\n\t\t\t\t\t<div class=\"elementor-image-box-wrapper\"><figure class=\"elementor-image-box-img\"><a href=\"https:\/\/konex-marketing.de\/\" tabindex=\"-1\" target=\"_blank\" rel=\"noopener\"><img decoding=\"async\" width=\"50\" height=\"50\" src=\"https:\/\/www.dmctools.eu\/wp-content\/uploads\/2022\/01\/Konex_Marketing_Logo.jpg\" class=\"attachment-full size-full wp-image-1786\" alt=\"\" srcset=\"https:\/\/www.dmctools.eu\/wp-content\/uploads\/2022\/01\/Konex_Marketing_Logo.jpg 50w, https:\/\/www.dmctools.eu\/wp-content\/uploads\/2022\/01\/Konex_Marketing_Logo-12x12.jpg 12w\" sizes=\"(max-width: 50px) 100vw, 50px\" \/><\/a><\/figure><div class=\"elementor-image-box-content\"><h3 class=\"elementor-image-box-title\"><a href=\"https:\/\/konex-marketing.de\/\" target=\"_blank\" rel=\"noopener\">KONEX Marketing<\/a><\/h3><p class=\"elementor-image-box-description\">Agenzia di marketing online a servizio completo<\/p><\/div><\/div>\t\t\t\t<\/div>\n\t\t\t\t<\/div>\n\t\t\t\t\t<\/div>\n\t\t<\/div>\n\t\t\t\t\t<\/div>\n\t\t<\/section>\n\t\t\t\t<\/div>","protected":false},"excerpt":{"rendered":"<p>Imprint According to \u00a7 5 TMG DMC Europe GmbH In der Au 29 61440 Oberursel, Germany Represented by DMC Europe\u00a0GmbH is represented by Niko Mau. Contact Phone: +49 6171 27791-91 Fax: +49 6171 27791-99 E-Mail: info@dmctools.eu Register Entry\u00a0 Registration in the commercial register. Registration Court: Bad Homburg District Court Registration Number: HRB 11089 Value Added [&hellip;]<\/p>\n","protected":false},"author":1,"featured_media":0,"parent":0,"menu_order":0,"comment_status":"closed","ping_status":"closed","template":"","meta":{"footnotes":""},"class_list":["post-51","page","type-page","status-publish","hentry"],"_links":{"self":[{"href":"https:\/\/www.dmctools.eu\/it\/wp-json\/wp\/v2\/pages\/51","targetHints":{"allow":["GET"]}}],"collection":[{"href":"https:\/\/www.dmctools.eu\/it\/wp-json\/wp\/v2\/pages"}],"about":[{"href":"https:\/\/www.dmctools.eu\/it\/wp-json\/wp\/v2\/types\/page"}],"author":[{"embeddable":true,"href":"https:\/\/www.dmctools.eu\/it\/wp-json\/wp\/v2\/users\/1"}],"replies":[{"embeddable":true,"href":"https:\/\/www.dmctools.eu\/it\/wp-json\/wp\/v2\/comments?post=51"}],"version-history":[{"count":30,"href":"https:\/\/www.dmctools.eu\/it\/wp-json\/wp\/v2\/pages\/51\/revisions"}],"predecessor-version":[{"id":6075,"href":"https:\/\/www.dmctools.eu\/it\/wp-json\/wp\/v2\/pages\/51\/revisions\/6075"}],"wp:attachment":[{"href":"https:\/\/www.dmctools.eu\/it\/wp-json\/wp\/v2\/media?parent=51"}],"curies":[{"name":"wp","href":"https:\/\/api.w.org\/{rel}","templated":true}]}}