{"id":53,"date":"2021-10-19T22:03:35","date_gmt":"2021-10-19T20:03:35","guid":{"rendered":"https:\/\/neu.mcd-tools.de\/?page_id=53"},"modified":"2026-03-27T09:29:25","modified_gmt":"2026-03-27T08:29:25","slug":"dataprotection","status":"publish","type":"page","link":"https:\/\/www.dmctools.eu\/fr\/dataprotection\/","title":{"rendered":"Protection des donn\u00e9es"},"content":{"rendered":"<div data-elementor-type=\"wp-page\" data-elementor-id=\"53\" class=\"elementor elementor-53\" data-elementor-post-type=\"page\">\n\t\t\t\t\t\t<section class=\"elementor-section elementor-top-section elementor-element elementor-element-1f9a40b elementor-section-boxed elementor-section-height-default elementor-section-height-default\" data-id=\"1f9a40b\" data-element_type=\"section\" data-e-type=\"section\">\n\t\t\t\t\t\t<div class=\"elementor-container elementor-column-gap-default\">\n\t\t\t\t\t<div class=\"elementor-column elementor-col-100 elementor-top-column elementor-element elementor-element-0f4f422\" data-id=\"0f4f422\" data-element_type=\"column\" data-e-type=\"column\">\n\t\t\t<div class=\"elementor-widget-wrap elementor-element-populated\">\n\t\t\t\t\t\t<div class=\"elementor-element elementor-element-b3a49f2 elementor-widget elementor-widget-text-editor\" data-id=\"b3a49f2\" data-element_type=\"widget\" data-e-type=\"widget\" data-widget_type=\"text-editor.default\">\n\t\t\t\t<div class=\"elementor-widget-container\">\n\t\t\t\t\t\t\t\t\t<h2>Protection des donn\u00e9es - Politique de confidentialit\u00e9<\/h2><h3>1. Protection des donn\u00e9es<\/h3><h4>Informations g\u00e9n\u00e9rales<\/h4><p>Les informations suivantes donnent un aper\u00e7u simple de ce qu'il advient de vos donn\u00e9es personnelles lorsque vous visitez ce site web. Les donn\u00e9es personnelles sont toutes les donn\u00e9es qui peuvent \u00eatre utilis\u00e9es pour vous identifier personnellement.<\/p><p>Des informations d\u00e9taill\u00e9es sont disponibles dans les sections suivantes de la pr\u00e9sente protection des donn\u00e9es.<\/p><h4>Qui est responsable de la collecte des donn\u00e9es sur ce site web ?<\/h4><p>Le traitement des donn\u00e9es sur ce site web est effectu\u00e9 par l'op\u00e9rateur du site web. Les coordonn\u00e9es de contact se trouvent sous la rubrique \u201cOrganisme responsable\u201d.\u201d<\/p><h4>Comment recueillons-nous vos donn\u00e9es ?<\/h4><p>D'une part, vos donn\u00e9es sont collect\u00e9es lorsque vous nous les fournissez (par exemple, lorsque vous vous inscrivez, passez une commande ou nous contactez). <br \/>D'autres donn\u00e9es sont collect\u00e9es automatiquement par nos syst\u00e8mes informatiques lorsque vous visitez le site web (par exemple, les donn\u00e9es techniques).<\/p><h4>\u00c0 quelles fins utilisons-nous les donn\u00e9es ?<\/h4><p>Pour fournir la boutique en ligne, pour le traitement des contrats, pour le service \u00e0 la client\u00e8le et pour l'optimisation technique du site web.<\/p><h4>Quels sont vos droits concernant vos donn\u00e9es ?<\/h4><p>Vous disposez d'un droit d'acc\u00e8s, de rectification, d'effacement, de limitation du traitement, de portabilit\u00e9 des donn\u00e9es et d'introduire une r\u00e9clamation aupr\u00e8s de l'autorit\u00e9 de contr\u00f4le.<\/p><h3>\u00a0<\/h3><h3>2. Organisme responsable<\/h3><p>DMC Europe GmbH<br \/>In der Au 29<br \/>61440 Oberursel<br \/>Allemagne<br \/>T\u00e9l\u00e9phone : +49 6171 27791-91 +49 6171 27791-91<br \/>Courriel : info@dmctools.eu<\/p><p>L'organisme responsable est l'entit\u00e9 juridique qui d\u00e9cide des finalit\u00e9s et des moyens du traitement.<\/p><p>\u00a0<\/p><h3>3. D\u00e9l\u00e9gu\u00e9 \u00e0 la protection des donn\u00e9es<\/h3><p>Notre d\u00e9l\u00e9gu\u00e9 \u00e0 la protection des donn\u00e9es est<\/p><p>heyData GmbH<br \/>Sch\u00fctzenstra\u00dfe 5<br \/>10117 Berlin www.heydata.eu<br \/>datenschutz@heydata.eu<\/p><p>\u00a0<\/p><h3>4. L'h\u00e9bergement<\/h3><h4>ePages<\/h4><p>Notre boutique en ligne est g\u00e9r\u00e9e par le syst\u00e8me ePages. ePages traite les donn\u00e9es personnelles en notre nom.<br \/>Le traitement est effectu\u00e9 sur la base d'un accord de traitement des donn\u00e9es conform\u00e9ment \u00e0 l'art. 28 GDPR.<br \/>Les donn\u00e9es trait\u00e9es peuvent notamment comprendre<br \/>- Donn\u00e9es d'inventaire<br \/>- Coordonn\u00e9es de la personne \u00e0 contacter<br \/>- Donn\u00e9es de commande<br \/>- Donn\u00e9es d'utilisation<br \/>- Adresses IP<\/p><p><strong>H\u00e9bergement<\/strong><br \/>Le site web est h\u00e9berg\u00e9 par un prestataire de services externe :<\/p><p>Alfahosting GmbH<br \/>Ankerstra\u00dfe 3b<br \/>06108 Halle (Saale)<\/p><p>Le traitement est effectu\u00e9 sur la base de l'art. 6 (1) lit. b et f GDPR.<\/p><h3>\u00a0<\/h3><h3>5. Compte client<\/h3><p>Vous pouvez cr\u00e9er un compte client. Ce faisant, nous traitons en particulier<\/p><ul><li>Nom<\/li><li>Nom de l'entreprise<\/li><li>Adresse<\/li><li>Adresse \u00e9lectronique<\/li><li>Donn\u00e9es d'acc\u00e8s<\/li><li>Historique des commandes<\/li><\/ul><p>Le traitement est effectu\u00e9 dans le but d'ex\u00e9cuter le contrat conform\u00e9ment \u00e0 l'art. 6 (1) lit. b GDPR.<\/p><p>Vous pouvez supprimer votre compte client \u00e0 tout moment.<\/p><h3>\u00a0<\/h3><h3>6. Traitement des commandes<\/h3><p>Pour traiter vos commandes, nous traitons :<\/p><ul><li>Adresse de facturation et de livraison<\/li><li>Coordonn\u00e9es de la personne \u00e0 contacter<\/li><li>D\u00e9tails de la commande<\/li><li>\u00c9tat des paiements<\/li><li>Le traitement est effectu\u00e9 sur la base de l'art. 6 (1) (b) GDPR.<\/li><\/ul><h3>\u00a0<\/h3><h3>7. Traitement des paiements (Saferpay)<\/h3><p>Nous utilisons le prestataire de services de paiement Saferpay (Worldline Schweiz AG) pour le traitement des paiements.<br \/>Lors des op\u00e9rations de paiement, les donn\u00e9es de paiement sont transmises directement \u00e0 Saferpay. Nous ne recevons pas d'informations compl\u00e8tes sur le paiement.<br \/>Les donn\u00e9es suivantes sont notamment trait\u00e9es :<\/p><ul><li>Montant du paiement<\/li><li>Donn\u00e9es de transaction<\/li><li>Adresse IP<\/li><li>Mode de paiement<br \/>Base juridique : Art. 6 (1) (b) GDPR.<\/li><\/ul><h3>\u00a0<\/h3><h3>8. Fournisseurs de services d'exp\u00e9dition<\/h3><p>Nous travaillons avec les fournisseurs de services d'exp\u00e9dition suivants pour livrer vos commandes :<\/p><ul><li>DHL<\/li><li>UPS<\/li><li>FedEx<\/li><li>TNT<\/li><li>DPD<\/li><\/ul><p>Les donn\u00e9es suivantes leur sont transmises :<\/p><ul><li>Nom<\/li><li>Adresse de livraison<\/li><li>Adresse \u00e9lectronique (le cas \u00e9ch\u00e9ant)<\/li><li>Num\u00e9ro de t\u00e9l\u00e9phone (le cas \u00e9ch\u00e9ant)<\/li><\/ul><p>Base juridique : Art. 6 (1) lit. b GDPR.<\/p><h3>\u00a0<\/h3><h3>9. Syst\u00e8me de gestion des marchandises (Sage 100)<\/h3><p>Nous utilisons le syst\u00e8me ERP Sage 100 pour le traitement des commandes, des factures et de la comptabilit\u00e9.<br \/>En particulier, les donn\u00e9es relatives aux clients, aux commandes et aux factures sont trait\u00e9es ici.<br \/>Base juridique : Art. 6 (1) (b) et (c) GDPR.<\/p><h3>\u00a0<\/h3><h3>10. Formulaire de contact<\/h3><p>Si vous nous contactez par le biais du formulaire de contact, vos coordonn\u00e9es seront stock\u00e9es dans le but de traiter votre demande.<\/p><ul><li>Donn\u00e9es trait\u00e9es :<\/li><li>Nom<\/li><li>Adresse \u00e9lectronique<\/li><li>Message<\/li><\/ul><p>Base juridique : Art. 6 (1) (b) ou (f) GDPR.<\/p><h3>\u00a0<\/h3><h3>11. Cookies<\/h3><p>Notre site web n'utilise que les cookies techniquement n\u00e9cessaires au fonctionnement de la boutique en ligne.<br \/>Ces cookies servent, entre autres, \u00e0<\/p><ul><li>la fonction panier d'achat<\/li><li>la fonction de connexion<\/li><li>contr\u00f4le de la session<\/li><\/ul><p>Base juridique : Art. 6 (1) lit. f GDPR.<\/p><h3>\u00a0<\/h3><h3>12. P\u00e9riode de stockage<\/h3><p>Nous ne conservons les donn\u00e9es \u00e0 caract\u00e8re personnel que pendant la dur\u00e9e n\u00e9cessaire \u00e0 la r\u00e9alisation des objectifs respectifs ou pendant les p\u00e9riodes de conservation pr\u00e9vues par la loi.<br \/>Les documents commerciaux sont conserv\u00e9s jusqu'\u00e0 10 ans, conform\u00e9ment aux exigences du droit commercial et fiscal.<\/p><h3>\u00a0<\/h3><h3>13. Divulgation des donn\u00e9es<\/h3><p>Vos donn\u00e9es ne seront divulgu\u00e9es que<\/p><ul><li>pour le traitement des contrats<\/li><li>en raison d'obligations l\u00e9gales<\/li><li>aux transformateurs<\/li><\/ul><p>Les donn\u00e9es sont transf\u00e9r\u00e9es \u00e0 nos soci\u00e9t\u00e9s affili\u00e9es \u00e0 notre soci\u00e9t\u00e9 m\u00e8re bas\u00e9e aux \u00c9tats-Unis dans le cadre d'un syst\u00e8me de CRM marketing \u00e0 l'\u00e9chelle de l'entreprise.<br \/>L'acc\u00e8s est accord\u00e9 \u00e0 des fins de marketing \u00e0 l'\u00e9chelle du groupe, de gestion des prospects et d'\u00e9tablissement de rapports.<br \/>Il existe une responsabilit\u00e9 conjointe conform\u00e9ment \u00e0 l'art. 26 GDPR. Nous fournirons sur demande les \u00e9l\u00e9ments essentiels de l'accord.<br \/>Les donn\u00e9es \u00e0 caract\u00e8re personnel sont transf\u00e9r\u00e9es aux \u00c9tats-Unis. Ce transfert s'effectue sur la base de garanties appropri\u00e9es, conform\u00e9ment aux articles 44 et suivants du trait\u00e9 CE. 44 ff. GDPR.<\/p><h3>14. Vos droits<\/h3><p>Vous avez les droits suivants :<\/p><ul><li>Information (Art. 15 GDPR)<\/li><li>Rectification (Art. 16 GDPR)<\/li><li>Effacement (article 17 du RGPD)<\/li><li>Restriction (Art. 18 GDPR)<\/li><li>Portabilit\u00e9 des donn\u00e9es (article 20 du RGPD)<\/li><li>Objection (Art. 21 GDPR)<\/li><\/ul><p>Veuillez adresser toute demande \u00e0 l'organisme responsable mentionn\u00e9 ci-dessus.<\/p><h3>15. R\u00e9vocation du consentement<\/h3><p>Vous pouvez r\u00e9voquer votre consentement \u00e0 tout moment avec effet pour l'avenir.<\/p><h3>\u00a0<\/h3><h3>16. Droit de d\u00e9poser une plainte<\/h3><p>Vous avez le droit de d\u00e9poser une plainte aupr\u00e8s d'une autorit\u00e9 de contr\u00f4le de la protection des donn\u00e9es.<br \/>L'autorit\u00e9 de contr\u00f4le responsable est notamment l'autorit\u00e9 de contr\u00f4le de votre lieu de r\u00e9sidence ou d'activit\u00e9.<\/p><h3>\u00a0<\/h3><h3>17. Cryptage SSL\/TLS<\/h3><p>Ce site web utilise le cryptage SSL ou TLS pour des raisons de s\u00e9curit\u00e9.<\/p><h3>\u00a0<\/h3><h3>18. Objection aux courriels publicitaires<\/h3><p>Nous nous opposons \u00e0 l'utilisation des donn\u00e9es de contact publi\u00e9es dans les mentions l\u00e9gales pour l'envoi de publicit\u00e9 non sollicit\u00e9e.<\/p><h3>\u00a0<\/h3><h3>19. Statut et mises \u00e0 jour<\/h3><p>Cette politique de confidentialit\u00e9 est en vigueur depuis janvier 2026.<br \/>Nous nous r\u00e9servons le droit de modifier cette politique de confidentialit\u00e9 si n\u00e9cessaire.<\/p>\t\t\t\t\t\t\t\t<\/div>\n\t\t\t\t<\/div>\n\t\t\t\t\t<\/div>\n\t\t<\/div>\n\t\t\t\t\t<\/div>\n\t\t<\/section>\n\t\t\t\t<\/div>","protected":false},"excerpt":{"rendered":"<p>Data Protection &#8211; Privacy Policy 1. Data Protection General Information The following information provides a simple overview of what happens to your personal data when you visit this website. Personal data is any data that can be used to personally identify you personally. Detailed information can be found in the following sections of this data [&hellip;]<\/p>\n","protected":false},"author":1,"featured_media":0,"parent":0,"menu_order":0,"comment_status":"closed","ping_status":"closed","template":"","meta":{"footnotes":""},"class_list":["post-53","page","type-page","status-publish","hentry"],"_links":{"self":[{"href":"https:\/\/www.dmctools.eu\/fr\/wp-json\/wp\/v2\/pages\/53","targetHints":{"allow":["GET"]}}],"collection":[{"href":"https:\/\/www.dmctools.eu\/fr\/wp-json\/wp\/v2\/pages"}],"about":[{"href":"https:\/\/www.dmctools.eu\/fr\/wp-json\/wp\/v2\/types\/page"}],"author":[{"embeddable":true,"href":"https:\/\/www.dmctools.eu\/fr\/wp-json\/wp\/v2\/users\/1"}],"replies":[{"embeddable":true,"href":"https:\/\/www.dmctools.eu\/fr\/wp-json\/wp\/v2\/comments?post=53"}],"version-history":[{"count":69,"href":"https:\/\/www.dmctools.eu\/fr\/wp-json\/wp\/v2\/pages\/53\/revisions"}],"predecessor-version":[{"id":6705,"href":"https:\/\/www.dmctools.eu\/fr\/wp-json\/wp\/v2\/pages\/53\/revisions\/6705"}],"wp:attachment":[{"href":"https:\/\/www.dmctools.eu\/fr\/wp-json\/wp\/v2\/media?parent=53"}],"curies":[{"name":"wp","href":"https:\/\/api.w.org\/{rel}","templated":true}]}}