{"id":51,"date":"2021-10-19T22:03:26","date_gmt":"2021-10-19T20:03:26","guid":{"rendered":"https:\/\/neu.mcd-tools.de\/?page_id=51"},"modified":"2025-03-25T16:29:26","modified_gmt":"2025-03-25T15:29:26","slug":"imprint","status":"publish","type":"page","link":"https:\/\/www.dmctools.eu\/fr\/imprint\/","title":{"rendered":"Impression"},"content":{"rendered":"<div data-elementor-type=\"wp-page\" data-elementor-id=\"51\" class=\"elementor elementor-51\" data-elementor-post-type=\"page\">\n\t\t\t\t\t\t<section class=\"elementor-section elementor-top-section elementor-element elementor-element-825fa50 elementor-section-boxed elementor-section-height-default elementor-section-height-default\" data-id=\"825fa50\" data-element_type=\"section\" data-e-type=\"section\">\n\t\t\t\t\t\t<div class=\"elementor-container elementor-column-gap-default\">\n\t\t\t\t\t<div class=\"elementor-column elementor-col-100 elementor-top-column elementor-element elementor-element-2440e53\" data-id=\"2440e53\" data-element_type=\"column\" data-e-type=\"column\">\n\t\t\t<div class=\"elementor-widget-wrap elementor-element-populated\">\n\t\t\t\t\t\t<div class=\"elementor-element elementor-element-740d57a elementor-widget elementor-widget-text-editor\" data-id=\"740d57a\" data-element_type=\"widget\" data-e-type=\"widget\" data-widget_type=\"text-editor.default\">\n\t\t\t\t<div class=\"elementor-widget-container\">\n\t\t\t\t\t\t\t\t\t<h2>Impression<\/h2><h3>Conform\u00e9ment \u00e0 l'article 5 du TMG<\/h3><p>DMC Europe GmbH<\/p><p>In der Au 29<\/p><p>61440 Oberursel, Allemagne<\/p><h3>Repr\u00e9sent\u00e9 par<\/h3><p><span style=\"background-color: var( --e-global-color-ea94f85 );\">DMC Europe<\/span>\u00a0GmbH est repr\u00e9sent\u00e9e par Niko Mau.<\/p><h3>Contact<\/h3><p>T\u00e9l\u00e9phone : +49 6171 27791-91 +49 6171 27791-91<\/p><p>Fax : +49 6171 27791-99<\/p><p>E-Mail : <a href=\"mailto:info@dmctools.eu\">info@dmctools.eu<\/a><\/p><h3>Inscription au registre\u00a0<\/h3><p>Inscription au registre du commerce.<\/p><p>Tribunal d'enregistrement : Tribunal d'instance de Bad Homburg<\/p><p>Num\u00e9ro d'enregistrement : HRB 11089<\/p><h3>Taxe sur la valeur ajout\u00e9e\u00a0<\/h3><p>Num\u00e9ro d'identification de la taxe sur les ventes conform\u00e9ment \u00e0 l'article 27a de la loi sur la taxe sur les ventes.<\/p><p>DE261108359<\/p><h3>R\u00e9solution des litiges\u00a0<\/h3><p>Nous ne sommes pas dispos\u00e9s ou oblig\u00e9s de participer \u00e0 une proc\u00e9dure de r\u00e9solution des litiges devant une commission d'arbitrage des consommateurs.<\/p><h3>Responsabilit\u00e9 du contenu\u00a0<\/h3><p>En tant que prestataire de services, nous sommes responsables de notre propre contenu sur ces pages, conform\u00e9ment aux lois g\u00e9n\u00e9rales, en vertu de l'article 7, paragraphe 1, de la TMG. Toutefois, conform\u00e9ment aux articles 8 \u00e0 10 de la TMG, nous ne sommes pas tenus, en tant que prestataire de services, de surveiller les informations transmises ou stock\u00e9es par des tiers ni d'enqu\u00eater sur des circonstances indiquant une activit\u00e9 ill\u00e9gale.<\/p><p>Les obligations de supprimer ou de bloquer l'utilisation d'informations conform\u00e9ment au droit g\u00e9n\u00e9ral ne sont pas affect\u00e9es. Toutefois, la responsabilit\u00e9 \u00e0 cet \u00e9gard n'est possible qu'\u00e0 partir du moment o\u00f9 l'on a connaissance d'une violation concr\u00e8te de la loi. Si nous avons connaissance d'une violation du droit, nous supprimerons imm\u00e9diatement ce contenu.<\/p><h3>Responsabilit\u00e9 des liens<\/h3><p>Notre offre contient des liens vers des sites web externes de tiers sur le contenu desquels nous n'avons aucune influence. Nous n'assumons donc aucune responsabilit\u00e9 pour ces contenus externes. Le fournisseur ou l'exploitant des pages est toujours responsable du contenu des pages li\u00e9es. Les pages li\u00e9es ont \u00e9t\u00e9 contr\u00f4l\u00e9es au moment de la mise en place des liens pour v\u00e9rifier qu'elles n'\u00e9taient pas en infraction avec la loi. Les contenus ill\u00e9gaux n'\u00e9taient pas apparents au moment de la cr\u00e9ation du lien.<\/p><p>Toutefois, un contr\u00f4le permanent du contenu des pages li\u00e9es n'est pas raisonnable en l'absence de preuves concr\u00e8tes d'une violation de la loi. Si nous avons connaissance d'une violation de la loi, nous supprimerons imm\u00e9diatement ces liens.<\/p><h3>Droit d'auteur\u00a0<\/h3><p>Le contenu et les \u0153uvres de ces pages cr\u00e9\u00e9s par les op\u00e9rateurs du site sont soumis \u00e0 la loi allemande sur les droits d'auteur. La reproduction, le traitement, la distribution et toute forme d'exploitation en dehors des limites du droit d'auteur n\u00e9cessitent l'accord \u00e9crit de l'auteur ou du cr\u00e9ateur concern\u00e9. Les t\u00e9l\u00e9chargements et les copies de cette page ne sont autoris\u00e9s que pour un usage priv\u00e9 et non commercial.<\/p><p>Si le contenu de ce site n'a pas \u00e9t\u00e9 cr\u00e9\u00e9 par l'op\u00e9rateur, les droits d'auteur de tiers sont respect\u00e9s, en particulier les contenus de tiers sont marqu\u00e9s comme tels. Si vous deviez n\u00e9anmoins avoir connaissance d'une violation des droits d'auteur, nous vous prions de nous en informer. Si nous avons connaissance d'une violation de la loi, nous supprimerons imm\u00e9diatement le contenu en question.<\/p>\t\t\t\t\t\t\t\t<\/div>\n\t\t\t\t<\/div>\n\t\t\t\t<div class=\"elementor-element elementor-element-79bf9cb elementor-widget elementor-widget-heading\" data-id=\"79bf9cb\" data-element_type=\"widget\" data-e-type=\"widget\" data-widget_type=\"heading.default\">\n\t\t\t\t<div class=\"elementor-widget-container\">\n\t\t\t\t\t<h3 class=\"elementor-heading-title elementor-size-default\">Concept et mise en \u0153uvre<\/h3>\t\t\t\t<\/div>\n\t\t\t\t<\/div>\n\t\t\t\t<div class=\"elementor-element elementor-element-6019f89 elementor-position-left elementor-vertical-align-bottom elementor-widget elementor-widget-image-box\" data-id=\"6019f89\" data-element_type=\"widget\" data-e-type=\"widget\" data-widget_type=\"image-box.default\">\n\t\t\t\t<div class=\"elementor-widget-container\">\n\t\t\t\t\t<div class=\"elementor-image-box-wrapper\"><figure class=\"elementor-image-box-img\"><a href=\"https:\/\/konex-marketing.de\/\" tabindex=\"-1\" target=\"_blank\" rel=\"noopener\"><img decoding=\"async\" width=\"50\" height=\"50\" src=\"https:\/\/www.dmctools.eu\/wp-content\/uploads\/2022\/01\/Konex_Marketing_Logo.jpg\" class=\"attachment-full size-full wp-image-1786\" alt=\"\" srcset=\"https:\/\/www.dmctools.eu\/wp-content\/uploads\/2022\/01\/Konex_Marketing_Logo.jpg 50w, https:\/\/www.dmctools.eu\/wp-content\/uploads\/2022\/01\/Konex_Marketing_Logo-12x12.jpg 12w\" sizes=\"(max-width: 50px) 100vw, 50px\" \/><\/a><\/figure><div class=\"elementor-image-box-content\"><h3 class=\"elementor-image-box-title\"><a href=\"https:\/\/konex-marketing.de\/\" target=\"_blank\" rel=\"noopener\">KONEX Marketing<\/a><\/h3><p class=\"elementor-image-box-description\">Agence de marketing en ligne \u00e0 service complet<\/p><\/div><\/div>\t\t\t\t<\/div>\n\t\t\t\t<\/div>\n\t\t\t\t\t<\/div>\n\t\t<\/div>\n\t\t\t\t\t<\/div>\n\t\t<\/section>\n\t\t\t\t<\/div>","protected":false},"excerpt":{"rendered":"<p>Imprint According to \u00a7 5 TMG DMC Europe GmbH In der Au 29 61440 Oberursel, Germany Represented by DMC Europe\u00a0GmbH is represented by Niko Mau. Contact Phone: +49 6171 27791-91 Fax: +49 6171 27791-99 E-Mail: info@dmctools.eu Register Entry\u00a0 Registration in the commercial register. Registration Court: Bad Homburg District Court Registration Number: HRB 11089 Value Added [&hellip;]<\/p>\n","protected":false},"author":1,"featured_media":0,"parent":0,"menu_order":0,"comment_status":"closed","ping_status":"closed","template":"","meta":{"footnotes":""},"class_list":["post-51","page","type-page","status-publish","hentry"],"_links":{"self":[{"href":"https:\/\/www.dmctools.eu\/fr\/wp-json\/wp\/v2\/pages\/51","targetHints":{"allow":["GET"]}}],"collection":[{"href":"https:\/\/www.dmctools.eu\/fr\/wp-json\/wp\/v2\/pages"}],"about":[{"href":"https:\/\/www.dmctools.eu\/fr\/wp-json\/wp\/v2\/types\/page"}],"author":[{"embeddable":true,"href":"https:\/\/www.dmctools.eu\/fr\/wp-json\/wp\/v2\/users\/1"}],"replies":[{"embeddable":true,"href":"https:\/\/www.dmctools.eu\/fr\/wp-json\/wp\/v2\/comments?post=51"}],"version-history":[{"count":30,"href":"https:\/\/www.dmctools.eu\/fr\/wp-json\/wp\/v2\/pages\/51\/revisions"}],"predecessor-version":[{"id":6075,"href":"https:\/\/www.dmctools.eu\/fr\/wp-json\/wp\/v2\/pages\/51\/revisions\/6075"}],"wp:attachment":[{"href":"https:\/\/www.dmctools.eu\/fr\/wp-json\/wp\/v2\/media?parent=51"}],"curies":[{"name":"wp","href":"https:\/\/api.w.org\/{rel}","templated":true}]}}