{"id":53,"date":"2021-10-19T22:03:35","date_gmt":"2021-10-19T20:03:35","guid":{"rendered":"https:\/\/neu.mcd-tools.de\/?page_id=53"},"modified":"2026-03-27T09:29:25","modified_gmt":"2026-03-27T08:29:25","slug":"dataprotection","status":"publish","type":"page","link":"https:\/\/www.dmctools.eu\/de\/dataprotection\/","title":{"rendered":"Datenschutz"},"content":{"rendered":"<div data-elementor-type=\"wp-page\" data-elementor-id=\"53\" class=\"elementor elementor-53\" data-elementor-post-type=\"page\">\n\t\t\t\t\t\t<section class=\"elementor-section elementor-top-section elementor-element elementor-element-1f9a40b elementor-section-boxed elementor-section-height-default elementor-section-height-default\" data-id=\"1f9a40b\" data-element_type=\"section\" data-e-type=\"section\">\n\t\t\t\t\t\t<div class=\"elementor-container elementor-column-gap-default\">\n\t\t\t\t\t<div class=\"elementor-column elementor-col-100 elementor-top-column elementor-element elementor-element-0f4f422\" data-id=\"0f4f422\" data-element_type=\"column\" data-e-type=\"column\">\n\t\t\t<div class=\"elementor-widget-wrap elementor-element-populated\">\n\t\t\t\t\t\t<div class=\"elementor-element elementor-element-b3a49f2 elementor-widget elementor-widget-text-editor\" data-id=\"b3a49f2\" data-element_type=\"widget\" data-e-type=\"widget\" data-widget_type=\"text-editor.default\">\n\t\t\t\t<div class=\"elementor-widget-container\">\n\t\t\t\t\t\t\t\t\t<h2>Datenschutz - Datenschutzpolitik<\/h2><h3>1. Schutz der Daten<\/h3><h4>Allgemeine Informationen<\/h4><p>Die folgenden Informationen geben einen einfachen \u00dcberblick dar\u00fcber, was mit Ihren personenbezogenen Daten geschieht, wenn Sie diese Website besuchen. Personenbezogene Daten sind alle Daten, die dazu genutzt werden k\u00f6nnen, Sie pers\u00f6nlich zu identifizieren.<\/p><p>Detaillierte Informationen finden Sie in den folgenden Abschnitten dieses Datenschutzes.<\/p><h4>Wer ist f\u00fcr die Datenerfassung auf dieser Website verantwortlich?<\/h4><p>Die Datenverarbeitung auf dieser Website erfolgt durch den Betreiber der Website. Die Kontaktdaten finden Sie unter \u201cVerantwortliche Stelle\u201d.\u201d<\/p><h4>Wie sammeln wir Ihre Daten?<\/h4><p>Zum einen werden Ihre Daten erhoben, wenn Sie uns diese zur Verf\u00fcgung stellen (z.B. im Rahmen einer Registrierung, einer Bestellung oder einer Kontaktaufnahme). <br \/>Andere Daten werden von unseren IT-Systemen automatisch erfasst, wenn Sie die Website besuchen (z. B. technische Daten).<\/p><h4>Wozu verwenden wir Daten?<\/h4><p>Zur Bereitstellung des Online-Shops, zur Vertragsabwicklung, zur Kundenbetreuung und zur technischen Optimierung der Website.<\/p><h4>Welche Rechte haben Sie in Bezug auf Ihre Daten?<\/h4><p>Sie haben das Recht auf Auskunft, Berichtigung, L\u00f6schung, Einschr\u00e4nkung der Verarbeitung, Daten\u00fcbertragbarkeit und Beschwerde bei der Aufsichtsbeh\u00f6rde.<\/p><h3>\u00a0<\/h3><h3>2. Verantwortliche Stelle<\/h3><p>DMC Europe GmbH<br \/>In der Au 29<br \/>61440 Oberursel<br \/>Deutschland<br \/>Telefon: +49 6171 27791-91<br \/>E-Mail: info@dmctools.eu<\/p><p>Die verantwortliche Stelle ist die juristische Person, die \u00fcber die Zwecke und Mittel der Verarbeitung entscheidet.<\/p><p>\u00a0<\/p><h3>3. Datenschutzbeauftragter<\/h3><p>Unser Datenschutzbeauftragter ist<\/p><p>heyData GmbH<br \/>Sch\u00fctzenstra\u00dfe 5<br \/>10117 Berlin www.heydata.eu<br \/>datenschutz@heydata.eu<\/p><p>\u00a0<\/p><h3>4. Hosting<\/h3><h4>ePages<\/h4><p>Unser Online-Shop wird \u00fcber das ePages-Shopsystem betrieben. ePages verarbeitet personenbezogene Daten in unserem Auftrag.<br \/>Die Verarbeitung erfolgt auf der Grundlage eines Datenverarbeitungsvertrags gem\u00e4\u00df Art. 28 GDPR.<br \/>Zu den verarbeiteten Daten k\u00f6nnen insbesondere geh\u00f6ren:<br \/>- Inventardaten<br \/>- Kontaktangaben<br \/>- Daten bestellen<br \/>- Verwendungsdaten<br \/>- IP-Adressen<\/p><p><strong>Hosting<\/strong><br \/>Die Website wird von einem externen Dienstanbieter gehostet:<\/p><p>Alfahosting GmbH<br \/>Ankerstra\u00dfe 3b<br \/>06108 Halle (Saale)<\/p><p>Die Verarbeitung erfolgt auf der Grundlage von Art. 6 (1) lit. b und f GDPR.<\/p><h3>\u00a0<\/h3><h3>5. Kundenkonto<\/h3><p>Sie k\u00f6nnen ein Kundenkonto anlegen. Dabei verarbeiten wir insbesondere:<\/p><ul><li>Name<\/li><li>Name des Unternehmens<\/li><li>Adresse<\/li><li>E-Mail Adresse<\/li><li>Zugangsdaten<\/li><li>Geschichte der Bestellung<\/li><\/ul><p>Die Verarbeitung erfolgt zum Zweck der Vertragserf\u00fcllung gem\u00e4\u00df Art. 6 (1) lit. b GDPR.<\/p><p>Sie k\u00f6nnen Ihr Kundenkonto jederzeit l\u00f6schen.<\/p><h3>\u00a0<\/h3><h3>6. Auftragsabwicklung<\/h3><p>Um Ihre Bestellungen zu bearbeiten, verarbeiten wir:<\/p><ul><li>Rechnungs- und Lieferadresse<\/li><li>Kontaktangaben<\/li><li>Details zur Bestellung<\/li><li>Zahlungsstatus<\/li><li>Die Verarbeitung erfolgt auf der Grundlage von Art. 6 (1) (b) GDPR.<\/li><\/ul><h3>\u00a0<\/h3><h3>7. Zahlungsabwicklung (Saferpay)<\/h3><p>F\u00fcr die Zahlungsabwicklung nutzen wir den Zahlungsdienstleister Saferpay (Worldline Schweiz AG).<br \/>Beim Zahlungsverkehr werden die Zahlungsdaten direkt an Saferpay \u00fcbermittelt. Wir erhalten keine vollst\u00e4ndigen Zahlungsinformationen.<br \/>Verarbeitet werden insbesondere die folgenden Daten:<\/p><ul><li>Zahlungsbetrag<\/li><li>Transaktionsdaten<\/li><li>IP-Adresse<\/li><li>Zahlungsmethode<br \/>Rechtsgrundlage: Art. 6 (1) (b) GDPR.<\/li><\/ul><h3>\u00a0<\/h3><h3>8. Versanddienstleister<\/h3><p>Wir arbeiten mit den folgenden Versanddienstleistern zusammen, um Ihre Bestellungen zuzustellen:<\/p><ul><li>DHL<\/li><li>UPS<\/li><li>FedEx<\/li><li>TNT<\/li><li>DPD<\/li><\/ul><p>Die folgenden Daten werden an sie \u00fcbermittelt:<\/p><ul><li>Name<\/li><li>Lieferadresse<\/li><li>E-Mail Adresse (falls zutreffend)<\/li><li>Telefonnummer (falls zutreffend)<\/li><\/ul><p>Rechtsgrundlage: Art. 6 (1) lit. b GDPR.<\/p><h3>\u00a0<\/h3><h3>9. Warenwirtschaftssystem (Sage 100)<\/h3><p>Wir verwenden das ERP-System Sage 100 f\u00fcr die Auftrags-, Rechnungs- und Buchhaltungsabwicklung.<br \/>Hier werden insbesondere Kunden-, Auftrags- und Rechnungsdaten verarbeitet.<br \/>Rechtsgrundlage: Art. 6 (1) (b) und (c) GDPR.<\/p><h3>\u00a0<\/h3><h3>10. Kontakt-Formular<\/h3><p>Wenn Sie \u00fcber das Kontaktformular Kontakt mit uns aufnehmen, werden Ihre Angaben zum Zwecke der Bearbeitung der Anfrage gespeichert.<\/p><ul><li>Verarbeitete Daten:<\/li><li>Name<\/li><li>E-Mail Adresse<\/li><li>Nachricht<\/li><\/ul><p>Rechtsgrundlage: Art. 6 (1) (b) oder (f) GDPR.<\/p><h3>\u00a0<\/h3><h3>11. Cookies<\/h3><p>Unsere Website verwendet nur technisch notwendige Cookies, die f\u00fcr den Betrieb des Online-Shops erforderlich sind.<br \/>Diese Cookies dienen unter anderem dazu:<\/p><ul><li>die Funktion des Einkaufswagens<\/li><li>die Anmeldefunktion<\/li><li>Sitzungssteuerung<\/li><\/ul><p>Rechtsgrundlage: Art. 6 (1) lit. f GDPR.<\/p><h3>\u00a0<\/h3><h3>12. Lagerzeit<\/h3><p>Wir speichern personenbezogene Daten nur so lange, wie es zur Erf\u00fcllung der jeweiligen Zwecke erforderlich ist oder wie es gesetzliche Aufbewahrungsfristen vorsehen.<br \/>Gesch\u00e4ftsunterlagen werden gem\u00e4\u00df den handels- und steuerrechtlichen Vorschriften bis zu 10 Jahre aufbewahrt.<\/p><h3>\u00a0<\/h3><h3>13. Offenlegung von Daten<\/h3><p>Ihre Daten werden nur weitergegeben:<\/p><ul><li>f\u00fcr die Vertragsabwicklung<\/li><li>aufgrund gesetzlicher Verpflichtungen<\/li><li>an Verarbeiter<\/li><\/ul><p>Die Daten werden im Rahmen eines unternehmensweiten Marketing-CRM-Systems an unsere verbundenen Unternehmen bei unserer Muttergesellschaft mit Sitz in den USA \u00fcbermittelt.<br \/>Der Zugang dient dem konzernweiten Marketing, dem Lead-Management und der Berichterstattung.<br \/>Es besteht eine gemeinsame Verantwortung gem\u00e4\u00df Art. 26 GDPR. Den wesentlichen Inhalt der Vereinbarung stellen wir auf Anfrage zur Verf\u00fcgung.<br \/>Personenbezogene Daten werden in die USA \u00fcbermittelt. Dies geschieht auf der Grundlage angemessener Garantien gem\u00e4\u00df Art. 44 ff. GDPR.<\/p><h3>14. Deine Rechte<\/h3><p>Sie haben die folgenden Rechte:<\/p><ul><li>Informationen (Art. 15 GDPR)<\/li><li>Berichtigung (Art. 16 GDPR)<\/li><li>L\u00f6schung (Art. 17 GDPR)<\/li><li>Einschr\u00e4nkung (Art. 18 GDPR)<\/li><li>Daten\u00fcbertragbarkeit (Art. 20 GDPR)<\/li><li>Einspruch (Art. 21 GDPR)<\/li><\/ul><p>Bitte richten Sie alle Anfragen an die oben genannte zust\u00e4ndige Stelle.<\/p><h3>15. Widerruf der Zustimmung<\/h3><p>Sie k\u00f6nnen Ihre Einwilligung jederzeit mit Wirkung f\u00fcr die Zukunft widerrufen.<\/p><h3>\u00a0<\/h3><h3>16. Recht auf Einreichung einer Beschwerde<\/h3><p>Sie haben das Recht, eine Beschwerde bei einer Datenschutzaufsichtsbeh\u00f6rde einzureichen.<br \/>Die zust\u00e4ndige Aufsichtsbeh\u00f6rde ist insbesondere die Aufsichtsbeh\u00f6rde Ihres Wohn- oder Gesch\u00e4ftssitzes.<\/p><h3>\u00a0<\/h3><h3>17. SSL\/TLS-Verschl\u00fcsselung<\/h3><p>Diese Website verwendet aus Sicherheitsgr\u00fcnden eine SSL- oder TLS-Verschl\u00fcsselung.<\/p><h3>\u00a0<\/h3><h3>18. Einspruch gegen Werbe-E-Mails<\/h3><p>Der Nutzung von im Rahmen der Impressumspflicht ver\u00f6ffentlichten Kontaktdaten durch Dritte zur \u00dcbersendung von nicht ausdr\u00fccklich angeforderter Werbung wird hiermit widersprochen.<\/p><h3>\u00a0<\/h3><h3>19. Status und Aktualisierungen<\/h3><p>Diese Datenschutzrichtlinie ist auf dem Stand von Januar 2026.<br \/>Wir behalten uns das Recht vor, diese Datenschutzrichtlinie bei Bedarf zu \u00e4ndern.<\/p>\t\t\t\t\t\t\t\t<\/div>\n\t\t\t\t<\/div>\n\t\t\t\t\t<\/div>\n\t\t<\/div>\n\t\t\t\t\t<\/div>\n\t\t<\/section>\n\t\t\t\t<\/div>","protected":false},"excerpt":{"rendered":"<p>Data Protection &#8211; Privacy Policy 1. Data Protection General Information The following information provides a simple overview of what happens to your personal data when you visit this website. Personal data is any data that can be used to personally identify you personally. Detailed information can be found in the following sections of this data [&hellip;]<\/p>\n","protected":false},"author":1,"featured_media":0,"parent":0,"menu_order":0,"comment_status":"closed","ping_status":"closed","template":"","meta":{"footnotes":""},"class_list":["post-53","page","type-page","status-publish","hentry"],"_links":{"self":[{"href":"https:\/\/www.dmctools.eu\/de\/wp-json\/wp\/v2\/pages\/53","targetHints":{"allow":["GET"]}}],"collection":[{"href":"https:\/\/www.dmctools.eu\/de\/wp-json\/wp\/v2\/pages"}],"about":[{"href":"https:\/\/www.dmctools.eu\/de\/wp-json\/wp\/v2\/types\/page"}],"author":[{"embeddable":true,"href":"https:\/\/www.dmctools.eu\/de\/wp-json\/wp\/v2\/users\/1"}],"replies":[{"embeddable":true,"href":"https:\/\/www.dmctools.eu\/de\/wp-json\/wp\/v2\/comments?post=53"}],"version-history":[{"count":69,"href":"https:\/\/www.dmctools.eu\/de\/wp-json\/wp\/v2\/pages\/53\/revisions"}],"predecessor-version":[{"id":6705,"href":"https:\/\/www.dmctools.eu\/de\/wp-json\/wp\/v2\/pages\/53\/revisions\/6705"}],"wp:attachment":[{"href":"https:\/\/www.dmctools.eu\/de\/wp-json\/wp\/v2\/media?parent=53"}],"curies":[{"name":"wp","href":"https:\/\/api.w.org\/{rel}","templated":true}]}}